{"id":615,"date":"2025-12-31T15:16:32","date_gmt":"2025-12-31T15:16:32","guid":{"rendered":"https:\/\/www.nadejart.fr\/shop\/?post_type=product&#038;p=615"},"modified":"2026-01-05T08:09:32","modified_gmt":"2026-01-05T08:09:32","slug":"bleu-sale-balades-dessinees","status":"publish","type":"product","link":"https:\/\/www.nadejart.fr\/shop\/produit\/bleu-sale-balades-dessinees\/","title":{"rendered":"Bleu sal\u00e9, balades dessin\u00e9es"},"content":{"rendered":"<p class=\"isbn\">ISBN : 9782322598908<\/p>\n<p>En vente chez votre libraire habituel ou en commande sur le site de Book on Demand.<\/p>\n<p>En cliquant sur le bouton \u00ab\u00a0 Plus d\u2019infos\u00a0\u00bb, vous serez redirig\u00e9 vers le site de Book On Demand sur lequel vous pourrez commander votre livre.<\/p>\n","protected":false},"excerpt":{"rendered":"<p>L&rsquo;auteure et illustratrice nous propose de plonger dans ses carnets \u00e0 croquis et cartons \u00e0 dessin. Pour d\u00e9couvrir les paysages de la presqu&rsquo;\u00eele de Gu\u00e9rande et de la c\u00f4te d&rsquo;amour. De la Baule \u00e0 Piriac-sur-mer, en passant par les marais salants et la Bri\u00e8re, de nombreuses aquarelles illustrent ce recueil sous formes de balades dessin\u00e9es. Un carnet de voyage r\u00e9alis\u00e9 sur le long cours qui invite \u00e0 prendre le temps de savourer la beaut\u00e9 des paysages des c\u00f4tes de l&rsquo;oc\u00e9an atlantique.<\/p>\n<p>118 pages, couleurs.<br \/>\nTout public.<\/p>\n","protected":false},"featured_media":617,"template":"","meta":{"_monsterinsights_skip_tracking":false,"_monsterinsights_sitenote_active":false,"_monsterinsights_sitenote_note":"","_monsterinsights_sitenote_category":0},"product_brand":[],"product_cat":[78],"product_tag":[91,94,34,92,96,93,89,95],"class_list":{"0":"post-615","1":"product","2":"type-product","3":"status-publish","4":"has-post-thumbnail","6":"product_cat-livres","7":"product_tag-aquarelles","8":"product_tag-carnet-a-croquis","9":"product_tag-carnet-de-voyage","10":"product_tag-cote-damour","11":"product_tag-dessins","12":"product_tag-guerande","13":"product_tag-idees-vacances","14":"product_tag-pochades","16":"first","17":"instock","18":"shipping-taxable","19":"product-type-external"},"aioseo_notices":[],"_links":{"self":[{"href":"https:\/\/www.nadejart.fr\/shop\/wp-json\/wp\/v2\/product\/615","targetHints":{"allow":["GET"]}}],"collection":[{"href":"https:\/\/www.nadejart.fr\/shop\/wp-json\/wp\/v2\/product"}],"about":[{"href":"https:\/\/www.nadejart.fr\/shop\/wp-json\/wp\/v2\/types\/product"}],"wp:featuredmedia":[{"embeddable":true,"href":"https:\/\/www.nadejart.fr\/shop\/wp-json\/wp\/v2\/media\/617"}],"wp:attachment":[{"href":"https:\/\/www.nadejart.fr\/shop\/wp-json\/wp\/v2\/media?parent=615"}],"wp:term":[{"taxonomy":"product_brand","embeddable":true,"href":"https:\/\/www.nadejart.fr\/shop\/wp-json\/wp\/v2\/product_brand?post=615"},{"taxonomy":"product_cat","embeddable":true,"href":"https:\/\/www.nadejart.fr\/shop\/wp-json\/wp\/v2\/product_cat?post=615"},{"taxonomy":"product_tag","embeddable":true,"href":"https:\/\/www.nadejart.fr\/shop\/wp-json\/wp\/v2\/product_tag?post=615"}],"curies":[{"name":"wp","href":"https:\/\/api.w.org\/{rel}","templated":true}]}}