{"id":429,"date":"2025-09-25T14:31:56","date_gmt":"2025-09-25T14:31:56","guid":{"rendered":"https:\/\/www.nadejart.fr\/shop\/?post_type=product&#038;p=429"},"modified":"2025-12-30T11:22:55","modified_gmt":"2025-12-30T11:22:55","slug":"carte-cadeau","status":"publish","type":"product","link":"https:\/\/www.nadejart.fr\/shop\/produit\/carte-cadeau\/","title":{"rendered":"Carte Cadeau"},"content":{"rendered":"<p>La carte cadeau est nominative et valable 6 mois \u00e0 compter de la date d&rsquo;achat, elle n&rsquo;est pas remboursable.<\/p>\n<p>Le destinataire devra s&rsquo;acquitter de la somme restant \u00e0 payer sur les cours ou le stage choisi si la carte cadeau ne couvre pas la totalit\u00e9 du montant.<br \/>\nN&rsquo;oubliez pas d&rsquo;indiquer le nom et pr\u00e9nom du destinataire dans votre note de commande (au moment du paiement) pour recevoir le bon cadeau \u00e0 imprimer.<\/p>\n<p>N&rsquo;h\u00e9sitez pas \u00e0 prendre <a href=\"https:\/\/www.nadejart.fr\/shop\/contact\/\">contact<\/a> pour toute question !<\/p>\n<p>&#8212;&#8212;&#8212;&#8212;&#8212;&#8212;&#8212;<\/p>\n<p>Si vous pr\u00e9f\u00e9rez choisir le stage \u00e0 offrir, il vous suffit de :<\/p>\n<p>&#8211; r\u00e9gler le stage choisi en totalit\u00e9 (choisir l&rsquo;option \u00ab\u00a0Tarif complet\u00a0\u00bb disponible dans les stages)<br \/>\n&#8211; indiquer dans votre note de commande le pr\u00e9nom\/nom du destinataire ainsi que la date du stage choisi si vous la connaissez<br \/>\n&#8211; Nous vous enverrons ensuite un joli bon cadeau \u00e0 imprimer correspondant au stage choisi \ud83d\ude42<\/p>\n<p>&nbsp;<\/p>\n","protected":false},"excerpt":{"rendered":"<p>La carte cadeau permet au destinataire de choisir librement son stage, son atelier ou ses cours individuels. Choisissez le montant de la carte cadeau que vous souhaitez offrir.<\/p>\n<p>Elle pourra \u00eatre utilis\u00e9e pour :<br \/>\n&#8211; les cours particuliers (toutes techniques)<br \/>\n&#8211; les stages (tous les stages)<\/p>\n<p>N&rsquo;h\u00e9sitez pas \u00e0 prendre <a href=\"https:\/\/www.nadejart.fr\/shop\/contact\/\">contact<\/a> pour toute question !<\/p>\n","protected":false},"featured_media":214,"template":"","meta":{"_monsterinsights_skip_tracking":false,"_monsterinsights_sitenote_active":false,"_monsterinsights_sitenote_note":"","_monsterinsights_sitenote_category":0},"product_brand":[],"product_cat":[55,20,15],"product_tag":[59,61,67],"class_list":{"0":"post-429","1":"product","2":"type-product","3":"status-publish","4":"has-post-thumbnail","6":"product_cat-autres","7":"product_cat-cours-individuel","8":"product_cat-stage","9":"product_tag-bon-cadeau","10":"product_tag-carte-cadeau","11":"product_tag-offrir","13":"first","14":"instock","15":"featured","16":"shipping-taxable","17":"purchasable","18":"product-type-variable"},"aioseo_notices":[],"_links":{"self":[{"href":"https:\/\/www.nadejart.fr\/shop\/wp-json\/wp\/v2\/product\/429","targetHints":{"allow":["GET"]}}],"collection":[{"href":"https:\/\/www.nadejart.fr\/shop\/wp-json\/wp\/v2\/product"}],"about":[{"href":"https:\/\/www.nadejart.fr\/shop\/wp-json\/wp\/v2\/types\/product"}],"wp:featuredmedia":[{"embeddable":true,"href":"https:\/\/www.nadejart.fr\/shop\/wp-json\/wp\/v2\/media\/214"}],"wp:attachment":[{"href":"https:\/\/www.nadejart.fr\/shop\/wp-json\/wp\/v2\/media?parent=429"}],"wp:term":[{"taxonomy":"product_brand","embeddable":true,"href":"https:\/\/www.nadejart.fr\/shop\/wp-json\/wp\/v2\/product_brand?post=429"},{"taxonomy":"product_cat","embeddable":true,"href":"https:\/\/www.nadejart.fr\/shop\/wp-json\/wp\/v2\/product_cat?post=429"},{"taxonomy":"product_tag","embeddable":true,"href":"https:\/\/www.nadejart.fr\/shop\/wp-json\/wp\/v2\/product_tag?post=429"}],"curies":[{"name":"wp","href":"https:\/\/api.w.org\/{rel}","templated":true}]}}