{"id":268,"date":"2025-09-24T14:06:54","date_gmt":"2025-09-24T14:06:54","guid":{"rendered":"https:\/\/www.nadejart.fr\/shop\/?post_type=product&#038;p=268"},"modified":"2025-09-26T08:40:17","modified_gmt":"2025-09-26T08:40:17","slug":"stage-dacrylique","status":"publish","type":"product","link":"https:\/\/www.nadejart.fr\/shop\/produit\/stage-dacrylique\/","title":{"rendered":"Stage d&rsquo;acrylique"},"content":{"rendered":"<p><strong>Info<\/strong> : Pour le th\u00e8me \u00ab\u00a0Vive l&rsquo;abstrait\u00a0\u00bb un suppl\u00e9ment mat\u00e9riel de <strong>12 euros<\/strong> par personne sera \u00e0 pr\u00e9voir.<\/p>\n<p>Pour r\u00e9server votre place vous pouvez opter pour deux options :<\/p>\n<p>&#8211; Vous choisissez l&rsquo;option \u00ab\u00a0R\u00e9servation\u00a0\u00bb, dans ce cas il vous restera \u00e0 payer le solde de 60 euros le jour du stage.<br \/>\n&#8211; Vous choisissez l&rsquo;option \u00ab\u00a0Tarif complet\u00a0\u00bb, vous n&rsquo;aurez plus rien \u00e0 payer le jour du stage.<\/p>\n<p><strong>Bon \u00e0 savoir<\/strong> : Si vous souhaitez juste vous initier \u00e0 cette technique et que vous n&rsquo;\u00eates pas \u00e9quip\u00e9 en mat\u00e9riel, vous pouvez choisir l&rsquo;option \u00ab\u00a0<a href=\"https:\/\/www.nadejart.fr\/shop\/produit\/supplement-materiel-stage-de-peinture-ou-de-pastels\/\">Suppl\u00e9ment de mat\u00e9riel<\/a>\u00a0\u00bb afin qu&rsquo;il soit enti\u00e8rement fourni pour la s\u00e9ance. (<a href=\"https:\/\/www.nadejart.fr\/shop\/produit\/supplement-materiel-stage-de-peinture-ou-de-pastels\/\" target=\"_blank\" rel=\"noopener\">voir les infos<\/a>).<\/p>\n<p><strong><span style=\"color: #db434c;\">Important<\/span><\/strong> : Merci d&rsquo;indiquer <strong>la date<\/strong> du stage choisi dans votre note de commande (au moment du paiement)<\/p>\n<p><strong>Modalit\u00e9s<\/strong> : L\u2019annulation est possible jusqu\u2019\u00e0 15 jours avant la date de d\u00e9but de stage, moyennant une retenue de 7 euros (pour frais bancaires).<br \/>\nEn de\u00e7\u00e0 des 15 jours, le montant correspondant \u00e0 la r\u00e9servation ne sera pas restitu\u00e9.<br \/>\nPour toute annulation survenant moins de 72 heures avant le d\u00e9but du stage, et si aucun rempla\u00e7ant n&rsquo;est trouv\u00e9, le stage sera d\u00fb dans son int\u00e9gralit\u00e9.<\/p>\n","protected":false},"excerpt":{"rendered":"<p>Une journ\u00e9e pour se plonger dans la pratique de la peinture acrylique !<br \/>\nSelon la th\u00e9matique du stage (paysages, fleurs, abstrait etc.) vous d\u00e9couvrirez diff\u00e9rentes mani\u00e8res de jouer avec ce medium et ses multiples possibilit\u00e9s techniques. L&rsquo;occasion de venir r\u00e9aliser une \u0153uvre sur une journ\u00e9e dans une ambiance conviviale et bienveillante. Tous les niveaux sont les bienvenus.<\/p>\n<p>Une liste d\u00e9taill\u00e9e du mat\u00e9riel vous sera fournie quelques temps avant le d\u00e9but du stage.<\/p>\n<p>Infos pratiques :<br \/>\n&#8211; Stage \u00ab Peindre \u00e0 l&rsquo;acrylique \u00bb<br \/>\n&#8211; 1 jours de 10h \u00e0 18h (environ)<br \/>\n&#8211; mat\u00e9riel \u00e0 pr\u00e9voir + pique-nique \u00e0 pr\u00e9voir<\/p>\n<p>Le stage se d\u00e9roule par petits groupes (4-5 personnes) \u00e0 Gu\u00e9rande<\/p>\n<p>&nbsp;<\/p>\n","protected":false},"featured_media":264,"template":"","meta":{"_monsterinsights_skip_tracking":false,"_monsterinsights_sitenote_active":false,"_monsterinsights_sitenote_note":"","_monsterinsights_sitenote_category":0},"product_brand":[],"product_cat":[15],"product_tag":[49,50,26,36],"class_list":{"0":"post-268","1":"product","2":"type-product","3":"status-publish","4":"has-post-thumbnail","6":"product_cat-stage","7":"product_tag-acrylique","8":"product_tag-atelier","9":"product_tag-cours","10":"product_tag-stage","12":"first","13":"instock","14":"shipping-taxable","15":"purchasable","16":"product-type-variable"},"aioseo_notices":[],"_links":{"self":[{"href":"https:\/\/www.nadejart.fr\/shop\/wp-json\/wp\/v2\/product\/268","targetHints":{"allow":["GET"]}}],"collection":[{"href":"https:\/\/www.nadejart.fr\/shop\/wp-json\/wp\/v2\/product"}],"about":[{"href":"https:\/\/www.nadejart.fr\/shop\/wp-json\/wp\/v2\/types\/product"}],"wp:featuredmedia":[{"embeddable":true,"href":"https:\/\/www.nadejart.fr\/shop\/wp-json\/wp\/v2\/media\/264"}],"wp:attachment":[{"href":"https:\/\/www.nadejart.fr\/shop\/wp-json\/wp\/v2\/media?parent=268"}],"wp:term":[{"taxonomy":"product_brand","embeddable":true,"href":"https:\/\/www.nadejart.fr\/shop\/wp-json\/wp\/v2\/product_brand?post=268"},{"taxonomy":"product_cat","embeddable":true,"href":"https:\/\/www.nadejart.fr\/shop\/wp-json\/wp\/v2\/product_cat?post=268"},{"taxonomy":"product_tag","embeddable":true,"href":"https:\/\/www.nadejart.fr\/shop\/wp-json\/wp\/v2\/product_tag?post=268"}],"curies":[{"name":"wp","href":"https:\/\/api.w.org\/{rel}","templated":true}]}}