{"id":152,"date":"2025-09-23T14:22:36","date_gmt":"2025-09-23T14:22:36","guid":{"rendered":"https:\/\/www.nadejart.fr\/shop\/?post_type=product&#038;p=152"},"modified":"2026-01-15T08:26:30","modified_gmt":"2026-01-15T08:26:30","slug":"cours-particulier","status":"publish","type":"product","link":"https:\/\/www.nadejart.fr\/shop\/produit\/cours-particulier\/","title":{"rendered":"Cours particuliers"},"content":{"rendered":"<h4>Cours particulier : dessin, aquarelle, peinture, pastels secs<\/h4>\n<p>Pour un accompagnement pas-\u00e0-pas pour vous lancer, vous perfectionner ou pour un suivi r\u00e9gulier, en dessin, aquarelle, peinture etc.<br \/>\nLes cours sont organis\u00e9s avec m\u00e9thode et convivialit\u00e9, vous progresserez \u00e0 votre rythme.<\/p>\n<p><span class=\"content-CxPmi\">Ces cours particuliers sont pour tous les niveaux.<\/span><\/p>\n<p>Pour les enfants, possibilit\u00e9s \u00e0 partir de 10 ans (prendre contact au pr\u00e9alable)<\/p>\n<p>Vous pouvez utiliser le calendrier en ligne pour r\u00e9server directement vos cr\u00e9neaux selon vos disponibilit\u00e9s : <a href=\"https:\/\/calendly.com\/agc44\/cours-de-dessin\">https:\/\/calendly.com\/agc44\/cours-de-dessin<\/a><\/p>\n<p>N.B : Pour les cours de peinture (aquarelle, acrylique, pastels&#8230;), il est demander de prendre des cr\u00e9neaux d&rsquo;au moins <strong>2 heures.<\/strong><\/p>\n<p><strong>Important<\/strong> :<br \/>\nEn cas de changement (d\u00e9placement, annulation&#8230;) de la part du participant, survenant moins de trois jours avant la date du cours, celui-ci sera d\u00fb dans son int\u00e9gralit\u00e9.<\/p>\n<p>Les forfaits 7h sont nominatifs, valables durant une p\u00e9riode de 6 mois et non remboursables.<\/p>\n","protected":false},"excerpt":{"rendered":"<p>Cours particuliers pour tous : dessin, aquarelle, peinture, pastels secs<\/p>\n<p>Approche personnalis\u00e9e, aide au choix du mat\u00e9riel, \u00e9coute des besoins.<\/p>\n","protected":false},"featured_media":231,"template":"","meta":{"_monsterinsights_skip_tracking":false,"_monsterinsights_sitenote_active":false,"_monsterinsights_sitenote_note":"","_monsterinsights_sitenote_category":0},"product_brand":[],"product_cat":[20],"product_tag":[23,24,25,26,27,37,28,51,29],"class_list":{"0":"post-152","1":"product","2":"type-product","3":"status-publish","4":"has-post-thumbnail","6":"product_cat-cours-individuel","7":"product_tag-ados","8":"product_tag-adultes","9":"product_tag-aquarelle","10":"product_tag-cours","11":"product_tag-dessin","12":"product_tag-enfants","13":"product_tag-individuel","14":"product_tag-pastels","15":"product_tag-peinture","17":"first","18":"instock","19":"shipping-taxable","20":"purchasable","21":"product-type-variable"},"aioseo_notices":[],"_links":{"self":[{"href":"https:\/\/www.nadejart.fr\/shop\/wp-json\/wp\/v2\/product\/152","targetHints":{"allow":["GET"]}}],"collection":[{"href":"https:\/\/www.nadejart.fr\/shop\/wp-json\/wp\/v2\/product"}],"about":[{"href":"https:\/\/www.nadejart.fr\/shop\/wp-json\/wp\/v2\/types\/product"}],"wp:featuredmedia":[{"embeddable":true,"href":"https:\/\/www.nadejart.fr\/shop\/wp-json\/wp\/v2\/media\/231"}],"wp:attachment":[{"href":"https:\/\/www.nadejart.fr\/shop\/wp-json\/wp\/v2\/media?parent=152"}],"wp:term":[{"taxonomy":"product_brand","embeddable":true,"href":"https:\/\/www.nadejart.fr\/shop\/wp-json\/wp\/v2\/product_brand?post=152"},{"taxonomy":"product_cat","embeddable":true,"href":"https:\/\/www.nadejart.fr\/shop\/wp-json\/wp\/v2\/product_cat?post=152"},{"taxonomy":"product_tag","embeddable":true,"href":"https:\/\/www.nadejart.fr\/shop\/wp-json\/wp\/v2\/product_tag?post=152"}],"curies":[{"name":"wp","href":"https:\/\/api.w.org\/{rel}","templated":true}]}}