{"id":109,"date":"2025-09-23T14:22:19","date_gmt":"2025-09-23T14:22:19","guid":{"rendered":"https:\/\/www.nadejart.fr\/shop\/?post_type=product&#038;p=109"},"modified":"2026-01-26T12:50:23","modified_gmt":"2026-01-26T12:50:23","slug":"stage-bd-illustration","status":"publish","type":"product","link":"https:\/\/www.nadejart.fr\/shop\/produit\/stage-bd-illustration\/","title":{"rendered":"Stage B.D et Illustration"},"content":{"rendered":"<p>Pour r\u00e9server votre place vous pouvez opter pour deux options :<\/p>\n<p>\u2013 Vous choisissez l\u2019option \u00ab R\u00e9servation \u00bb, dans ce cas il vous restera \u00e0 payer 155 euros le jour du stage<br \/>\n\u2013 Vous choisissez l\u2019option \u00ab\u00a0Tarif complet\u00a0\u00bb, vous n\u2019aurez plus rien \u00e0 payer le jour du stage.<\/p>\n<p><strong><span style=\"color: #db434c;\">Important<\/span><\/strong> : Merci d&rsquo;indiquer <strong>la date<\/strong> du stage choisi dans votre note de commande (au moment du paiement)<\/p>\n<p><strong>Modalit\u00e9s<\/strong> : L\u2019annulation est possible jusqu\u2019\u00e0 15 jours avant la date de d\u00e9but de stage, moyennant une retenue de 7 euros (pour frais bancaires).<br \/>\nEn de\u00e7\u00e0 des 15 jours, le montant correspondant \u00e0 la r\u00e9servation ne sera pas restitu\u00e9.<br \/>\nPour toute annulation survenant moins de 72 heures avant le d\u00e9but du stage, et si aucun rempla\u00e7ant n\u2019est trouv\u00e9, le stage sera d\u00fb dans son int\u00e9gralit\u00e9.<\/p>\n","protected":false},"excerpt":{"rendered":"<p>Stage B.D et illustration<br \/>\nVenez cr\u00e9er votre planche de BD de A \u00e0 Z !<br \/>\nApr\u00e8s avoir revu quelques concepts clefs en BD et en dessin, vous r\u00e9aliserez votre planche de BD compl\u00e8te (storyboard, crayonn\u00e9, encrage&#8230;).<br \/>\nTous les niveaux sont les bienvenus Adultes et ados (\u00e0 partir de 13ans)<\/p>\n<p>Infos pratiques :<br \/>\n&#8211; Stage \u00ab B.D et illustration\u00bb<br \/>\n&#8211; Dur\u00e9e : 2 jours de 10h \u00e0 18h<br \/>\n&#8211; Le mat\u00e9riel est enti\u00e8rement fourni, pr\u00e9voir son pique-nique<\/p>\n<p>Le stage se d\u00e9roule par petits groupes (4-5 personnes) \u00e0 Gu\u00e9rande<\/p>\n","protected":false},"featured_media":252,"template":"","meta":{"_monsterinsights_skip_tracking":false,"_monsterinsights_sitenote_active":false,"_monsterinsights_sitenote_note":"","_monsterinsights_sitenote_category":0},"product_brand":[],"product_cat":[15],"product_tag":[54,27,36],"class_list":{"0":"post-109","1":"product","2":"type-product","3":"status-publish","4":"has-post-thumbnail","6":"product_cat-stage","7":"product_tag-b-d","8":"product_tag-dessin","9":"product_tag-stage","11":"first","12":"instock","13":"shipping-taxable","14":"purchasable","15":"product-type-variable"},"aioseo_notices":[],"_links":{"self":[{"href":"https:\/\/www.nadejart.fr\/shop\/wp-json\/wp\/v2\/product\/109","targetHints":{"allow":["GET"]}}],"collection":[{"href":"https:\/\/www.nadejart.fr\/shop\/wp-json\/wp\/v2\/product"}],"about":[{"href":"https:\/\/www.nadejart.fr\/shop\/wp-json\/wp\/v2\/types\/product"}],"wp:featuredmedia":[{"embeddable":true,"href":"https:\/\/www.nadejart.fr\/shop\/wp-json\/wp\/v2\/media\/252"}],"wp:attachment":[{"href":"https:\/\/www.nadejart.fr\/shop\/wp-json\/wp\/v2\/media?parent=109"}],"wp:term":[{"taxonomy":"product_brand","embeddable":true,"href":"https:\/\/www.nadejart.fr\/shop\/wp-json\/wp\/v2\/product_brand?post=109"},{"taxonomy":"product_cat","embeddable":true,"href":"https:\/\/www.nadejart.fr\/shop\/wp-json\/wp\/v2\/product_cat?post=109"},{"taxonomy":"product_tag","embeddable":true,"href":"https:\/\/www.nadejart.fr\/shop\/wp-json\/wp\/v2\/product_tag?post=109"}],"curies":[{"name":"wp","href":"https:\/\/api.w.org\/{rel}","templated":true}]}}