{"id":105,"date":"2025-09-23T14:22:19","date_gmt":"2025-09-23T14:22:19","guid":{"rendered":"https:\/\/www.nadejart.fr\/shop\/?post_type=product&#038;p=105"},"modified":"2025-09-23T16:10:45","modified_gmt":"2025-09-23T16:10:45","slug":"supplement-materiel-stage-de-peinture-ou-de-pastels","status":"publish","type":"product","link":"https:\/\/www.nadejart.fr\/shop\/produit\/supplement-materiel-stage-de-peinture-ou-de-pastels\/","title":{"rendered":"Suppl\u00e9ment mat\u00e9riel (stage de peinture ou de pastels)"},"content":{"rendered":"<p>Cette option concerne un suppl\u00e9ment mat\u00e9riel possible \u00e0 ajouter \u00e0 votre commande UNIQUEMENT pour les stages de :<\/p>\n<p>&#8211; aquarelle<\/p>\n<p>&#8211; peinture acrylique<\/p>\n<p>&#8211; pastels secs<\/p>\n<p>Le tarif est valable pour 1 stage et pour 1 personne. Le stagiaire peut ainsi venir au stage sans avoir \u00e0 pr\u00e9voir son mat\u00e9riel.<\/p>\n<p>Le mat\u00e9riel comprend :<\/p>\n<p>&#8211; la fourniture du support (papier, toile&#8230;). Le stagiaire repart avec son (ou ses) support(s).<\/p>\n<p>&#8211; le <strong>pr\u00eat<\/strong> du mat\u00e9riel pour la dur\u00e9e du stage (pinceaux, crayons, peinture&#8230;)<\/p>\n<p>&#8212;&#8212;&#8212;&#8212;&#8212;&#8212;&#8212;&#8212;&#8212;&#8212;&#8212;&#8212;&#8212;&#8212;&#8212;&#8212;&#8212;&#8212;&#8212;&#8212;&#8212;&#8212;&#8212;&#8212;&#8212;&#8212;&#8212;&#8212;&#8212;-<\/p>\n<p><em>Note : pour les autres stages (Dessin intensif, BD, etc.) le mat\u00e9riel est g\u00e9n\u00e9ralement fourni et est inclus dans le prix il n&rsquo;est donc pas utile de prendre cette option.<\/em><\/p>\n<p>IMPORTANT &gt;&gt;&gt;&gt; Cette option n&rsquo;est pas applicable pour les stages en ext\u00e9rieur<\/p>\n","protected":false},"excerpt":{"rendered":"<p>Suppl\u00e9ment mat\u00e9riel possible \u00e0 ajouter \u00e0 votre commande pour les stages de peinture ou pastels qui se d\u00e9roulent \u00e0 l&rsquo;atelier.<\/p>\n","protected":false},"featured_media":209,"template":"","meta":{"_monsterinsights_skip_tracking":false,"_monsterinsights_sitenote_active":false,"_monsterinsights_sitenote_note":"","_monsterinsights_sitenote_category":0},"product_brand":[],"product_cat":[55],"product_tag":[],"class_list":{"0":"post-105","1":"product","2":"type-product","3":"status-publish","4":"has-post-thumbnail","6":"product_cat-autres","8":"first","9":"instock","10":"virtual","11":"purchasable","12":"product-type-simple"},"aioseo_notices":[],"_links":{"self":[{"href":"https:\/\/www.nadejart.fr\/shop\/wp-json\/wp\/v2\/product\/105","targetHints":{"allow":["GET"]}}],"collection":[{"href":"https:\/\/www.nadejart.fr\/shop\/wp-json\/wp\/v2\/product"}],"about":[{"href":"https:\/\/www.nadejart.fr\/shop\/wp-json\/wp\/v2\/types\/product"}],"wp:featuredmedia":[{"embeddable":true,"href":"https:\/\/www.nadejart.fr\/shop\/wp-json\/wp\/v2\/media\/209"}],"wp:attachment":[{"href":"https:\/\/www.nadejart.fr\/shop\/wp-json\/wp\/v2\/media?parent=105"}],"wp:term":[{"taxonomy":"product_brand","embeddable":true,"href":"https:\/\/www.nadejart.fr\/shop\/wp-json\/wp\/v2\/product_brand?post=105"},{"taxonomy":"product_cat","embeddable":true,"href":"https:\/\/www.nadejart.fr\/shop\/wp-json\/wp\/v2\/product_cat?post=105"},{"taxonomy":"product_tag","embeddable":true,"href":"https:\/\/www.nadejart.fr\/shop\/wp-json\/wp\/v2\/product_tag?post=105"}],"curies":[{"name":"wp","href":"https:\/\/api.w.org\/{rel}","templated":true}]}}