{"id":7838,"date":"2026-04-16T12:30:48","date_gmt":"2026-04-16T12:30:48","guid":{"rendered":"https:\/\/www.nadejart.fr\/boutique\/?post_type=product&#038;p=7838"},"modified":"2026-04-22T08:28:23","modified_gmt":"2026-04-22T08:28:23","slug":"un-courrier-artistique-totalement-surprise","status":"publish","type":"product","link":"https:\/\/www.nadejart.fr\/boutique\/produit\/un-courrier-artistique-totalement-surprise\/","title":{"rendered":"Le \u00ab\u00a0pack myst\u00e8re\u00a0\u00bb, un courrier artistique totalement surprise"},"content":{"rendered":"<p>Retrouvez toutes vos questions :<br \/>\n<h2>Foire aux questions sur les abonnements aux courriers artistiques<\/h2>\n<ul>\n<li>\n<h3>En quoi consiste l&rsquo;abonnement au courrier artistique du club des tortues ?<\/h3>\n<p>L&rsquo;abonnement au courrier artistique du club des tortues est un service permettant de recevoir chaque mois un courrier postal r\u00e9alis\u00e9 avec du contenu artistique. Il y a un\u00a0 abonnement pour <a href=\"https:\/\/www.nadejart.fr\/boutique\/produit\/abonnement-a-duree-fixe-au-courrier-artistique-le-club-des-tortues\/\">les envois en France<\/a> et un autre pour les <a href=\"https:\/\/www.nadejart.fr\/boutique\/produit\/art-mail-club-international\/\">envois \u00e0 l&rsquo;international<\/a>.<\/li>\n<li style=\"list-style-type: none;\">Vous pouvez aussi recevoir <a href=\"https:\/\/www.nadejart.fr\/boutique\/produit\/un-courrier-artistique-totalement-surprise-snail-mail\/\">un seul courrier\u00a0 totalement surprise<\/a> (sans abonnement au club des tortues).<\/li>\n<li>\n<h3>Qu&rsquo;y-a-t-il dans le courrier surprise ?<\/h3>\n<p>Le contenu exact n&rsquo;est pas d\u00e9voil\u00e9 afin de pr\u00e9server la surprise lors de l&rsquo;ouverture du courrier. Il se compose : d&rsquo;un mot, d&rsquo;une carte imprim\u00e9e avec une illustration originale et d&rsquo;une surprise (stickers, badge, cartes&#8230;). Le contenu change tous les mois.<\/p>\n<\/li>\n<li>\n<h3>Est-ce-que les cr\u00e9ations sont des illustrations originales ?<\/h3>\n<p>Oui, tout est cr\u00e9\u00e9 sp\u00e9cialement pour le courrier artistique. En vous abonnant vous soutenez mon travail artistique ainsi que la cr\u00e9ation locale et humaine.<\/li>\n<li>\n<h3>Est-ce que je peux arr\u00eater mon abonnement \u00e0 dur\u00e9e libre quand je veux ?<\/h3>\n<p>Une fois la p\u00e9riode minimale des 3 mois pass\u00e9s vous pourrez arr\u00eater votre abonnement \u00e0 dur\u00e9e libre \u00e0 tout moment en vous rendant dans votre <a href=\"https:\/\/www.nadejart.fr\/boutique\/account\/\">espace membre<\/a>.<\/p>\n<\/li>\n<li>\n<h3>Comment renouveler mon abonnement ?<\/h3>\n<p>Pour les abonnements \u00e0 dur\u00e9e libre, tout est automatique, vous n&rsquo;avez rien \u00e0 faire sauf \u00e0 mettre \u00e0 jour votre moyen de paiement si celui-ci arrive \u00e0 \u00e9ch\u00e9ance. <br \/>Pour les abonnements \u00e0 dur\u00e9es fixes, une fois la p\u00e9riode achev\u00e9e (6 mois, 1 an&#8230;) , vous pourrez soit prolonger votre abonnement en vous rendant dans votre <a href=\"https:\/\/www.nadejart.fr\/boutique\/account\/\">espace membre <\/a>et en choisissant \u00ab\u00a0Renouveler\u00a0\u00bb dans la ligne des actions. Soit vous r\u00e9abonner pour une dur\u00e9e fixe.<\/li>\n<li>\n<h3>Quand vais-je recevoir mon premier courrier ?<\/h3>\n<p>Les dates limites d&rsquo;abonnements ont lieu le 15 de chaque mois. Les envois ont lieu entre le 16 et la fin du mois.<br \/>Si vous vous abonnez <span style=\"text-decoration: underline;\">avant<\/span> le 15 du mois (avec un paiement valid\u00e9), vous recevrez votre premier courrier entre le 16 et la fin du mois en cours. Si vous vous abonnez <span style=\"text-decoration: underline;\">apr\u00e8s<\/span> le 15 du mois, vous recevrez votre premier courrier apr\u00e8s le 15 du mois suivant.<\/li>\n<li>\n<h3>Je souhaite offrir cet abonnement, comment faire ?<\/h3>\n<p>Lorsque vous recevrez le questionnaire \u00e0 remplir pour le destinataire du courrier, pensez bien \u00e0 indiquer les informations du destinataire de votre cadeau (nom, pr\u00e9nom, adresse). En cas de doute, prenez <a href=\"https:\/\/www.nadejart.fr\/boutique\/contact\/\">contact<\/a>.<\/li>\n<li>\n<h3>Je n&rsquo;ai pas re\u00e7u mon courrier, que faire ?<\/h3>\n<p>Tous les courriers sont envoy\u00e9s avec un num\u00e9ro de suivi, vous pourrez suivre votre envoi sur le site de <a href=\"https:\/\/www.laposte.fr\/outils\/suivre-vos-envois\">La Poste<\/a> avec le num\u00e9ro fourni.<\/li>\n<\/ul>\n<p>\u00a0<\/p>\n<\/p>\n","protected":false},"excerpt":{"rendered":"<p>\u00cates vous pr\u00eat \u00e0 recevoir un courrier artistique totalement surprise ?<\/p>\n<p>En s\u00e9lectionnant ce \u00ab\u00a0Pack Myst\u00e8re\u00a0\u00bb vous recevrez (une fois) une lettre dans laquelle j&rsquo;aurai gliss\u00e9 <strong>des surprises <\/strong>imprim\u00e9es de mes <strong>productions artistiques <\/strong>(cartes, stickers&#8230;) de quoi agr\u00e9menter votre papeterie.<\/p>\n<p>&#8212;&#8212;&#8212;&#8212;&#8212;<\/p>\n<p>Et pour recevoir chaque mois une lettre surprise dans votre bo\u00eete aux lettres vous pouvez <a href=\"https:\/\/www.nadejart.fr\/boutique\/produit\/abonnement-a-duree-fixe-au-courrier-artistique-le-club-des-tortues\/\">vous abonner d\u00e8s \u00e0 pr\u00e9sent au club des tortues<\/a>.<\/p>\n<p>&#8212;&#8212;&#8212;&#8212;&#8212;<\/p>\n<p>(les frais de ports sont inclus dans ces tarifs, aucun surcout n&rsquo;est \u00e0 pr\u00e9voir)<\/p>\n","protected":false},"featured_media":7853,"comment_status":"closed","ping_status":"closed","template":"","meta":{"_coblocks_attr":"","_coblocks_dimensions":"","_coblocks_responsive_height":"","_coblocks_accordion_ie_support":"","_monsterinsights_skip_tracking":false,"_monsterinsights_sitenote_active":false,"_monsterinsights_sitenote_note":"","_monsterinsights_sitenote_category":0,"site-sidebar-layout":"default","site-content-layout":"","ast-site-content-layout":"default","site-content-style":"default","site-sidebar-style":"default","ast-global-header-display":"","ast-banner-title-visibility":"","ast-main-header-display":"","ast-hfb-above-header-display":"","ast-hfb-below-header-display":"","ast-hfb-mobile-header-display":"","site-post-title":"","ast-breadcrumbs-content":"","ast-featured-img":"","footer-sml-layout":"","ast-disable-related-posts":"","theme-transparent-header-meta":"default","adv-header-id-meta":"","stick-header-meta":"","header-above-stick-meta":"","header-main-stick-meta":"","header-below-stick-meta":"","astra-migrate-meta-layouts":"set","ast-page-background-enabled":"default","ast-page-background-meta":{"desktop":{"background-color":"var(--ast-global-color-5)","background-image":"","background-repeat":"repeat","background-position":"center center","background-size":"auto","background-attachment":"scroll","background-type":"","background-media":"","overlay-type":"","overlay-color":"","overlay-opacity":"","overlay-gradient":""},"tablet":{"background-color":"","background-image":"","background-repeat":"repeat","background-position":"center center","background-size":"auto","background-attachment":"scroll","background-type":"","background-media":"","overlay-type":"","overlay-color":"","overlay-opacity":"","overlay-gradient":""},"mobile":{"background-color":"","background-image":"","background-repeat":"repeat","background-position":"center center","background-size":"auto","background-attachment":"scroll","background-type":"","background-media":"","overlay-type":"","overlay-color":"","overlay-opacity":"","overlay-gradient":""}},"ast-content-background-meta":{"desktop":{"background-color":"var(--ast-global-color-4)","background-image":"","background-repeat":"repeat","background-position":"center center","background-size":"auto","background-attachment":"scroll","background-type":"","background-media":"","overlay-type":"","overlay-color":"","overlay-opacity":"","overlay-gradient":""},"tablet":{"background-color":"var(--ast-global-color-4)","background-image":"","background-repeat":"repeat","background-position":"center center","background-size":"auto","background-attachment":"scroll","background-type":"","background-media":"","overlay-type":"","overlay-color":"","overlay-opacity":"","overlay-gradient":""},"mobile":{"background-color":"var(--ast-global-color-4)","background-image":"","background-repeat":"repeat","background-position":"center center","background-size":"auto","background-attachment":"scroll","background-type":"","background-media":"","overlay-type":"","overlay-color":"","overlay-opacity":"","overlay-gradient":""}}},"product_brand":[],"product_cat":[623,211,183,212,421,414,457],"product_tag":[566,569,568,570,567,620],"class_list":{"0":"post-7838","1":"product","2":"type-product","3":"status-publish","4":"has-post-thumbnail","6":"product_cat-abonnement-courrier-artistique","7":"product_cat-aquarelle","8":"product_cat-autres","9":"product_cat-illustration","10":"product_cat-impression-a-la-demande","11":"product_cat-imprimes","12":"product_cat-petites-productions-manuelles","13":"product_tag-abonnement","14":"product_tag-courrier-artistique","15":"product_tag-courrier-postal","16":"product_tag-courrier-surprise","17":"product_tag-snail-mail","18":"product_tag-snail-mail-club-france","19":"desktop-align-left","20":"tablet-align-left","21":"mobile-align-left","23":"first","24":"instock","25":"featured","26":"shipping-taxable","27":"purchasable","28":"product-type-variable"},"yoast_head":"<!-- This site is optimized with the Yoast SEO plugin v27.5 - https:\/\/yoast.com\/product\/yoast-seo-wordpress\/ -->\n<title>Le &quot;pack myst\u00e8re&quot;, un courrier artistique totalement surprise - Nadej&#039;Art - Infusions cr\u00e9atives<\/title>\n<meta name=\"description\" content=\"Le &quot;Pack Myst\u00e8re&quot;, un courrier artistique (totalement) surprise \u00e0 recevoir dans sa bo\u00eete aux lettres, comprenant : 1 lettre avec ...\" \/>\n<meta name=\"robots\" content=\"index, follow, max-snippet:-1, max-image-preview:large, max-video-preview:-1\" \/>\n<link rel=\"canonical\" href=\"https:\/\/www.nadejart.fr\/boutique\/produit\/un-courrier-artistique-totalement-surprise\/\" \/>\n<meta property=\"og:locale\" content=\"fr_FR\" \/>\n<meta property=\"og:type\" content=\"article\" \/>\n<meta property=\"og:title\" content=\"Le &quot;pack myst\u00e8re&quot;, un courrier artistique totalement surprise - Nadej&#039;Art - Infusions cr\u00e9atives\" \/>\n<meta property=\"og:description\" content=\"Le &quot;Pack Myst\u00e8re&quot;, un courrier artistique (totalement) surprise \u00e0 recevoir dans sa bo\u00eete aux lettres, comprenant : 1 lettre avec ...\" \/>\n<meta property=\"og:url\" content=\"https:\/\/www.nadejart.fr\/boutique\/produit\/un-courrier-artistique-totalement-surprise\/\" \/>\n<meta property=\"og:site_name\" content=\"Nadej&#039;Art - Infusions cr\u00e9atives\" \/>\n<meta property=\"article:modified_time\" content=\"2026-04-22T08:28:23+00:00\" \/>\n<meta property=\"og:image\" content=\"https:\/\/www.nadejart.fr\/boutique\/wp-content\/uploads\/2026\/04\/abo-mail-1.jpg\" \/>\n\t<meta property=\"og:image:width\" content=\"600\" \/>\n\t<meta property=\"og:image:height\" content=\"600\" \/>\n\t<meta property=\"og:image:type\" content=\"image\/jpeg\" \/>\n<meta name=\"twitter:card\" content=\"summary_large_image\" \/>\n<meta name=\"twitter:label1\" content=\"Dur\u00e9e de lecture estim\u00e9e\" \/>\n\t<meta name=\"twitter:data1\" content=\"1 minute\" \/>\n<script type=\"application\/ld+json\" class=\"yoast-schema-graph\">{\"@context\":\"https:\\\/\\\/schema.org\",\"@graph\":[{\"@type\":\"WebPage\",\"@id\":\"https:\\\/\\\/www.nadejart.fr\\\/boutique\\\/produit\\\/un-courrier-artistique-totalement-surprise\\\/\",\"url\":\"https:\\\/\\\/www.nadejart.fr\\\/boutique\\\/produit\\\/un-courrier-artistique-totalement-surprise\\\/\",\"name\":\"Le \\\"pack myst\u00e8re\\\", un courrier artistique totalement surprise - Nadej&#039;Art - Infusions cr\u00e9atives\",\"isPartOf\":{\"@id\":\"https:\\\/\\\/www.nadejart.fr\\\/boutique\\\/#website\"},\"primaryImageOfPage\":{\"@id\":\"https:\\\/\\\/www.nadejart.fr\\\/boutique\\\/produit\\\/un-courrier-artistique-totalement-surprise\\\/#primaryimage\"},\"image\":{\"@id\":\"https:\\\/\\\/www.nadejart.fr\\\/boutique\\\/produit\\\/un-courrier-artistique-totalement-surprise\\\/#primaryimage\"},\"thumbnailUrl\":\"https:\\\/\\\/www.nadejart.fr\\\/boutique\\\/wp-content\\\/uploads\\\/2026\\\/04\\\/abo-mail-1.jpg\",\"datePublished\":\"2026-04-16T12:30:48+00:00\",\"dateModified\":\"2026-04-22T08:28:23+00:00\",\"description\":\"Le \\\"Pack Myst\u00e8re\\\", un courrier artistique (totalement) surprise \u00e0 recevoir dans sa bo\u00eete aux lettres, comprenant : 1 lettre avec ...\",\"breadcrumb\":{\"@id\":\"https:\\\/\\\/www.nadejart.fr\\\/boutique\\\/produit\\\/un-courrier-artistique-totalement-surprise\\\/#breadcrumb\"},\"inLanguage\":\"fr-FR\",\"potentialAction\":[{\"@type\":\"ReadAction\",\"target\":[\"https:\\\/\\\/www.nadejart.fr\\\/boutique\\\/produit\\\/un-courrier-artistique-totalement-surprise\\\/\"]}]},{\"@type\":\"ImageObject\",\"inLanguage\":\"fr-FR\",\"@id\":\"https:\\\/\\\/www.nadejart.fr\\\/boutique\\\/produit\\\/un-courrier-artistique-totalement-surprise\\\/#primaryimage\",\"url\":\"https:\\\/\\\/www.nadejart.fr\\\/boutique\\\/wp-content\\\/uploads\\\/2026\\\/04\\\/abo-mail-1.jpg\",\"contentUrl\":\"https:\\\/\\\/www.nadejart.fr\\\/boutique\\\/wp-content\\\/uploads\\\/2026\\\/04\\\/abo-mail-1.jpg\",\"width\":600,\"height\":600,\"caption\":\"courrier artistique surprise snail mail club\"},{\"@type\":\"BreadcrumbList\",\"@id\":\"https:\\\/\\\/www.nadejart.fr\\\/boutique\\\/produit\\\/un-courrier-artistique-totalement-surprise\\\/#breadcrumb\",\"itemListElement\":[{\"@type\":\"ListItem\",\"position\":1,\"name\":\"Accueil\",\"item\":\"https:\\\/\\\/www.nadejart.fr\\\/boutique\\\/\"},{\"@type\":\"ListItem\",\"position\":2,\"name\":\"Nadej&rsquo;Art &#8211; Boutique d\u2019illustratrice &#8211; Infusions cr\u00e9atives !\",\"item\":\"https:\\\/\\\/www.nadejart.fr\\\/boutique\\\/\"},{\"@type\":\"ListItem\",\"position\":3,\"name\":\"Abonnement courrier artistique\",\"item\":\"https:\\\/\\\/www.nadejart.fr\\\/boutique\\\/categorie-produit\\\/abonnement-courrier-artistique\\\/\"},{\"@type\":\"ListItem\",\"position\":4,\"name\":\"Le \u00ab\u00a0pack myst\u00e8re\u00a0\u00bb, un courrier artistique totalement surprise\"}]},{\"@type\":\"WebSite\",\"@id\":\"https:\\\/\\\/www.nadejart.fr\\\/boutique\\\/#website\",\"url\":\"https:\\\/\\\/www.nadejart.fr\\\/boutique\\\/\",\"name\":\"Nadej'Art - Infusions cr\u00e9atives\",\"description\":\"Illustrations artiste ind\u00e9pendant\",\"publisher\":{\"@id\":\"https:\\\/\\\/www.nadejart.fr\\\/boutique\\\/#\\\/schema\\\/person\\\/cab632e7460709692c7e75bdc9db88de\"},\"alternateName\":\"Nadejart cr\u00e9ations\",\"potentialAction\":[{\"@type\":\"SearchAction\",\"target\":{\"@type\":\"EntryPoint\",\"urlTemplate\":\"https:\\\/\\\/www.nadejart.fr\\\/boutique\\\/?s={search_term_string}\"},\"query-input\":{\"@type\":\"PropertyValueSpecification\",\"valueRequired\":true,\"valueName\":\"search_term_string\"}}],\"inLanguage\":\"fr-FR\"},{\"@type\":[\"Person\",\"Organization\"],\"@id\":\"https:\\\/\\\/www.nadejart.fr\\\/boutique\\\/#\\\/schema\\\/person\\\/cab632e7460709692c7e75bdc9db88de\",\"name\":\"Cr\u00e9a Nad\",\"image\":{\"@type\":\"ImageObject\",\"inLanguage\":\"fr-FR\",\"@id\":\"https:\\\/\\\/www.nadejart.fr\\\/boutique\\\/wp-content\\\/uploads\\\/2026\\\/01\\\/cropped-Illustration_sans_titre-9.jpg\",\"url\":\"https:\\\/\\\/www.nadejart.fr\\\/boutique\\\/wp-content\\\/uploads\\\/2026\\\/01\\\/cropped-Illustration_sans_titre-9.jpg\",\"contentUrl\":\"https:\\\/\\\/www.nadejart.fr\\\/boutique\\\/wp-content\\\/uploads\\\/2026\\\/01\\\/cropped-Illustration_sans_titre-9.jpg\",\"width\":1800,\"height\":600,\"caption\":\"Cr\u00e9a Nad\"},\"logo\":{\"@id\":\"https:\\\/\\\/www.nadejart.fr\\\/boutique\\\/wp-content\\\/uploads\\\/2026\\\/01\\\/cropped-Illustration_sans_titre-9.jpg\"}}]}<\/script>\n<!-- \/ Yoast SEO plugin. -->","yoast_head_json":{"title":"Le \"pack myst\u00e8re\", un courrier artistique totalement surprise - Nadej&#039;Art - Infusions cr\u00e9atives","description":"Le \"Pack Myst\u00e8re\", un courrier artistique (totalement) surprise \u00e0 recevoir dans sa bo\u00eete aux lettres, comprenant : 1 lettre avec ...","robots":{"index":"index","follow":"follow","max-snippet":"max-snippet:-1","max-image-preview":"max-image-preview:large","max-video-preview":"max-video-preview:-1"},"canonical":"https:\/\/www.nadejart.fr\/boutique\/produit\/un-courrier-artistique-totalement-surprise\/","og_locale":"fr_FR","og_type":"article","og_title":"Le \"pack myst\u00e8re\", un courrier artistique totalement surprise - Nadej&#039;Art - Infusions cr\u00e9atives","og_description":"Le \"Pack Myst\u00e8re\", un courrier artistique (totalement) surprise \u00e0 recevoir dans sa bo\u00eete aux lettres, comprenant : 1 lettre avec ...","og_url":"https:\/\/www.nadejart.fr\/boutique\/produit\/un-courrier-artistique-totalement-surprise\/","og_site_name":"Nadej&#039;Art - Infusions cr\u00e9atives","article_modified_time":"2026-04-22T08:28:23+00:00","og_image":[{"width":600,"height":600,"url":"https:\/\/www.nadejart.fr\/boutique\/wp-content\/uploads\/2026\/04\/abo-mail-1.jpg","type":"image\/jpeg"}],"twitter_card":"summary_large_image","twitter_misc":{"Dur\u00e9e de lecture estim\u00e9e":"1 minute"},"schema":{"@context":"https:\/\/schema.org","@graph":[{"@type":"WebPage","@id":"https:\/\/www.nadejart.fr\/boutique\/produit\/un-courrier-artistique-totalement-surprise\/","url":"https:\/\/www.nadejart.fr\/boutique\/produit\/un-courrier-artistique-totalement-surprise\/","name":"Le \"pack myst\u00e8re\", un courrier artistique totalement surprise - Nadej&#039;Art - Infusions cr\u00e9atives","isPartOf":{"@id":"https:\/\/www.nadejart.fr\/boutique\/#website"},"primaryImageOfPage":{"@id":"https:\/\/www.nadejart.fr\/boutique\/produit\/un-courrier-artistique-totalement-surprise\/#primaryimage"},"image":{"@id":"https:\/\/www.nadejart.fr\/boutique\/produit\/un-courrier-artistique-totalement-surprise\/#primaryimage"},"thumbnailUrl":"https:\/\/www.nadejart.fr\/boutique\/wp-content\/uploads\/2026\/04\/abo-mail-1.jpg","datePublished":"2026-04-16T12:30:48+00:00","dateModified":"2026-04-22T08:28:23+00:00","description":"Le \"Pack Myst\u00e8re\", un courrier artistique (totalement) surprise \u00e0 recevoir dans sa bo\u00eete aux lettres, comprenant : 1 lettre avec ...","breadcrumb":{"@id":"https:\/\/www.nadejart.fr\/boutique\/produit\/un-courrier-artistique-totalement-surprise\/#breadcrumb"},"inLanguage":"fr-FR","potentialAction":[{"@type":"ReadAction","target":["https:\/\/www.nadejart.fr\/boutique\/produit\/un-courrier-artistique-totalement-surprise\/"]}]},{"@type":"ImageObject","inLanguage":"fr-FR","@id":"https:\/\/www.nadejart.fr\/boutique\/produit\/un-courrier-artistique-totalement-surprise\/#primaryimage","url":"https:\/\/www.nadejart.fr\/boutique\/wp-content\/uploads\/2026\/04\/abo-mail-1.jpg","contentUrl":"https:\/\/www.nadejart.fr\/boutique\/wp-content\/uploads\/2026\/04\/abo-mail-1.jpg","width":600,"height":600,"caption":"courrier artistique surprise snail mail club"},{"@type":"BreadcrumbList","@id":"https:\/\/www.nadejart.fr\/boutique\/produit\/un-courrier-artistique-totalement-surprise\/#breadcrumb","itemListElement":[{"@type":"ListItem","position":1,"name":"Accueil","item":"https:\/\/www.nadejart.fr\/boutique\/"},{"@type":"ListItem","position":2,"name":"Nadej&rsquo;Art &#8211; Boutique d\u2019illustratrice &#8211; Infusions cr\u00e9atives !","item":"https:\/\/www.nadejart.fr\/boutique\/"},{"@type":"ListItem","position":3,"name":"Abonnement courrier artistique","item":"https:\/\/www.nadejart.fr\/boutique\/categorie-produit\/abonnement-courrier-artistique\/"},{"@type":"ListItem","position":4,"name":"Le \u00ab\u00a0pack myst\u00e8re\u00a0\u00bb, un courrier artistique totalement surprise"}]},{"@type":"WebSite","@id":"https:\/\/www.nadejart.fr\/boutique\/#website","url":"https:\/\/www.nadejart.fr\/boutique\/","name":"Nadej'Art - Infusions cr\u00e9atives","description":"Illustrations artiste ind\u00e9pendant","publisher":{"@id":"https:\/\/www.nadejart.fr\/boutique\/#\/schema\/person\/cab632e7460709692c7e75bdc9db88de"},"alternateName":"Nadejart cr\u00e9ations","potentialAction":[{"@type":"SearchAction","target":{"@type":"EntryPoint","urlTemplate":"https:\/\/www.nadejart.fr\/boutique\/?s={search_term_string}"},"query-input":{"@type":"PropertyValueSpecification","valueRequired":true,"valueName":"search_term_string"}}],"inLanguage":"fr-FR"},{"@type":["Person","Organization"],"@id":"https:\/\/www.nadejart.fr\/boutique\/#\/schema\/person\/cab632e7460709692c7e75bdc9db88de","name":"Cr\u00e9a Nad","image":{"@type":"ImageObject","inLanguage":"fr-FR","@id":"https:\/\/www.nadejart.fr\/boutique\/wp-content\/uploads\/2026\/01\/cropped-Illustration_sans_titre-9.jpg","url":"https:\/\/www.nadejart.fr\/boutique\/wp-content\/uploads\/2026\/01\/cropped-Illustration_sans_titre-9.jpg","contentUrl":"https:\/\/www.nadejart.fr\/boutique\/wp-content\/uploads\/2026\/01\/cropped-Illustration_sans_titre-9.jpg","width":1800,"height":600,"caption":"Cr\u00e9a Nad"},"logo":{"@id":"https:\/\/www.nadejart.fr\/boutique\/wp-content\/uploads\/2026\/01\/cropped-Illustration_sans_titre-9.jpg"}}]}},"_links":{"self":[{"href":"https:\/\/www.nadejart.fr\/boutique\/wp-json\/wp\/v2\/product\/7838","targetHints":{"allow":["GET"]}}],"collection":[{"href":"https:\/\/www.nadejart.fr\/boutique\/wp-json\/wp\/v2\/product"}],"about":[{"href":"https:\/\/www.nadejart.fr\/boutique\/wp-json\/wp\/v2\/types\/product"}],"replies":[{"embeddable":true,"href":"https:\/\/www.nadejart.fr\/boutique\/wp-json\/wp\/v2\/comments?post=7838"}],"wp:featuredmedia":[{"embeddable":true,"href":"https:\/\/www.nadejart.fr\/boutique\/wp-json\/wp\/v2\/media\/7853"}],"wp:attachment":[{"href":"https:\/\/www.nadejart.fr\/boutique\/wp-json\/wp\/v2\/media?parent=7838"}],"wp:term":[{"taxonomy":"product_brand","embeddable":true,"href":"https:\/\/www.nadejart.fr\/boutique\/wp-json\/wp\/v2\/product_brand?post=7838"},{"taxonomy":"product_cat","embeddable":true,"href":"https:\/\/www.nadejart.fr\/boutique\/wp-json\/wp\/v2\/product_cat?post=7838"},{"taxonomy":"product_tag","embeddable":true,"href":"https:\/\/www.nadejart.fr\/boutique\/wp-json\/wp\/v2\/product_tag?post=7838"}],"curies":[{"name":"wp","href":"https:\/\/api.w.org\/{rel}","templated":true}]}}