{"id":7833,"date":"2026-04-16T10:49:29","date_gmt":"2026-04-16T10:49:29","guid":{"rendered":"https:\/\/www.nadejart.fr\/boutique\/?post_type=product&#038;p=7833"},"modified":"2026-04-17T07:27:38","modified_gmt":"2026-04-17T07:27:38","slug":"art-mail-club-international","status":"publish","type":"product","link":"https:\/\/www.nadejart.fr\/boutique\/produit\/art-mail-club-international\/","title":{"rendered":"Art mail Turtle club (snail mail club international)"},"content":{"rendered":"<p>Vous souhaitez recevoir seulement 1 courrier surprise ? Rendez-vous sur <a href=\"https:\/\/www.nadejart.fr\/boutique\/produit\/un-courrier-artistique-totalement-surprise-snail-mail\/\">le courrier artistique totalement surprise<\/a>.<\/p>\n<p>Retrouvez toutes vos questions :<br \/>\n<h2>Foire aux questions sur les abonnements aux courriers artistiques<\/h2>\n<ul>\n<li>\n<h3>En quoi consiste l&rsquo;abonnement au courrier artistique du club des tortues ?<\/h3>\n<p>L&rsquo;abonnement au courrier artistique du club des tortues est un service permettant de recevoir chaque mois un courrier postal r\u00e9alis\u00e9 avec du contenu artistique. Il y a un\u00a0 abonnement pour <a href=\"https:\/\/www.nadejart.fr\/boutique\/produit\/abonnement-a-duree-fixe-au-courrier-artistique-le-club-des-tortues\/\">les envois en France<\/a> et un autre pour les <a href=\"https:\/\/www.nadejart.fr\/boutique\/produit\/art-mail-club-international\/\">envois \u00e0 l&rsquo;international<\/a>.<\/li>\n<li style=\"list-style-type: none;\">Vous pouvez aussi recevoir <a href=\"https:\/\/www.nadejart.fr\/boutique\/produit\/un-courrier-artistique-totalement-surprise-snail-mail\/\">un seul courrier\u00a0 totalement surprise<\/a> (sans abonnement au club des tortues).<\/li>\n<li>\n<h3>Qu&rsquo;y-a-t-il dans le courrier surprise ?<\/h3>\n<p>Le contenu exact n&rsquo;est pas d\u00e9voil\u00e9 afin de pr\u00e9server la surprise lors de l&rsquo;ouverture du courrier. Il se compose : d&rsquo;un mot, d&rsquo;une carte imprim\u00e9e avec une illustration originale et d&rsquo;une surprise (stickers, badge, cartes&#8230;). Le contenu change tous les mois.<\/p>\n<\/li>\n<li>\n<h3>Est-ce-que les cr\u00e9ations sont des illustrations originales ?<\/h3>\n<p>Oui, tout est cr\u00e9\u00e9 sp\u00e9cialement pour le courrier artistique. En vous abonnant vous soutenez mon travail artistique ainsi que la cr\u00e9ation locale et humaine.<\/li>\n<li>\n<h3>Est-ce que je peux arr\u00eater mon abonnement \u00e0 dur\u00e9e libre quand je veux ?<\/h3>\n<p>Une fois la p\u00e9riode minimale des 3 mois pass\u00e9s vous pourrez arr\u00eater votre abonnement \u00e0 dur\u00e9e libre \u00e0 tout moment en vous rendant dans votre <a href=\"https:\/\/www.nadejart.fr\/boutique\/account\/\">espace membre<\/a>.<\/p>\n<\/li>\n<li>\n<h3>Comment renouveler mon abonnement ?<\/h3>\n<p>Pour les abonnements \u00e0 dur\u00e9e libre, tout est automatique, vous n&rsquo;avez rien \u00e0 faire sauf \u00e0 mettre \u00e0 jour votre moyen de paiement si celui-ci arrive \u00e0 \u00e9ch\u00e9ance. <br \/>Pour les abonnements \u00e0 dur\u00e9es fixes, une fois la p\u00e9riode achev\u00e9e (6 mois, 1 an&#8230;) , vous pourrez soit prolonger votre abonnement en vous rendant dans votre <a href=\"https:\/\/www.nadejart.fr\/boutique\/account\/\">espace membre <\/a>et en choisissant \u00ab\u00a0Renouveler\u00a0\u00bb dans la ligne des actions. Soit vous r\u00e9abonner pour une dur\u00e9e fixe.<\/li>\n<li>\n<h3>Quand vais-je recevoir mon premier courrier ?<\/h3>\n<p>Les dates limites d&rsquo;abonnements ont lieu le 15 de chaque mois. Les envois ont lieu entre le 16 et la fin du mois.<br \/>Si vous vous abonnez <span style=\"text-decoration: underline;\">avant<\/span> le 15 du mois (avec un paiement valid\u00e9), vous recevrez votre premier courrier entre le 16 et la fin du mois en cours. Si vous vous abonnez <span style=\"text-decoration: underline;\">apr\u00e8s<\/span> le 15 du mois, vous recevrez votre premier courrier apr\u00e8s le 15 du mois suivant.<\/li>\n<li>\n<h3>Je souhaite offrir cet abonnement, comment faire ?<\/h3>\n<p>Lorsque vous recevrez le questionnaire \u00e0 remplir pour le destinataire du courrier, pensez bien \u00e0 indiquer les informations du destinataire de votre cadeau (nom, pr\u00e9nom, adresse). En cas de doute, prenez <a href=\"https:\/\/www.nadejart.fr\/boutique\/contact\/\">contact<\/a>.<\/li>\n<li>\n<h3>Je n&rsquo;ai pas re\u00e7u mon courrier, que faire ?<\/h3>\n<p>Tous les courriers sont envoy\u00e9s avec un num\u00e9ro de suivi, vous pourrez suivre votre envoi sur le site de <a href=\"https:\/\/www.laposte.fr\/outils\/suivre-vos-envois\">La Poste<\/a> avec le num\u00e9ro fourni.<\/li>\n<\/ul>\n<p>\u00a0<\/p>\n<\/p>\n","protected":false},"excerpt":{"rendered":"<p>This offer is valid only for Europe and International countries (for the French club offer, please <a href=\"https:\/\/www.nadejart.fr\/boutique\/produit\/abonnement-a-duree-fixe-au-courrier-artistique-le-club-des-tortues\/\">click here<\/a>).<\/p>\n<p>Choose your Turtles Art Mail Club (snail mail club international) subscription.<br \/>\nReceive a monthly art mail package in your mailbox including:<br \/>\n&#8211; 1 letter (in English or French)<br \/>\n&#8211; 1 printed art card<br \/>\n&#8211; 1 surprise (sticker, card, etc.)<\/p>\n<p><strong>BONUS<\/strong>: + your special Turtles Club member sticker (for subscriptions longer than 1 month) + 1 surprise in your birthday month!<\/p>\n<p>Subscription Prices:<\/p>\n<p>Benefit from discounts by choosing the plan that suits you best:<\/p>\n<p>&#8211; <a href=\"https:\/\/www.nadejart.fr\/boutique\/pricing\/\">Open-ended subscription<\/a>: \u20ac17 per month instead of \u20ac29, a 45% discount<br \/>\n&#8211; 1-month fixed-term subscription: \u20ac29<br \/>\n&#8211; 6-month fixed-term subscription: \u20ac118.32 instead of \u20ac144, a 32% discount<br \/>\n&#8211; 12-month fixed-term subscription: \u20ac226.20 instead of \u20ac288, a 35% discount<\/p>\n<p>(International shipping is included in these prices; no additional charges will apply.)<\/p>\n<hr \/>\n<p>Formule valable uniquement pour l&rsquo;<strong>Europe<\/strong> et l&rsquo;<strong>International<\/strong> (pour la formule du club France, <a href=\"https:\/\/www.nadejart.fr\/boutique\/produit\/abonnement-a-duree-fixe-au-courrier-artistique-le-club-des-tortues\/\">c&rsquo;est par l\u00e0<\/a>).<\/p>\n<p>Choisissez votre formule d&rsquo;abonnement au club de courrier artistique des tortues.<br \/>\nRecevez <strong>chaque mois<\/strong> dans votre bo\u00eete aux lettres un courrier artistique postal comprenant :<br \/>\n&#8211; 1 lettre (langage au choix : Fran\u00e7ais ou Anglais)<br \/>\n&#8211; 1 carte d&rsquo;art imprim\u00e9e<br \/>\n&#8211; 1 surprise (sticker, carte&#8230;)<\/p>\n<p><strong>BONUS<\/strong> : + votre sticker sp\u00e9cial de membre du club des tortues (pour les abonnements sup\u00e9rieurs \u00e0 1 mois) + 1 surprise le mois de votre anniversaire !<\/p>\n<h3>Tarifs d&rsquo;abonnements :<\/h3>\n<p>B\u00e9n\u00e9ficiez de r\u00e9ductions en choisissant la formule qui vous convient :<br \/>\n&#8211; <a href=\"https:\/\/www.nadejart.fr\/boutique\/pricing\/\">abonnement \u00e0 dur\u00e9e libre<\/a> : 17 euros par mois au lieu de 29 euros, soit <strong>une r\u00e9duction de 45%<\/strong><br \/>\n&#8211; abonnement \u00e0 dur\u00e9e fixe de <strong>1 mois : 29 euros<\/strong><br \/>\n&#8211; abonnement \u00e0 dur\u00e9e fixe de <strong>6 mois : 118,32 euros<\/strong> au lieu 144 euros, soit <strong>une r\u00e9duction de 32%<\/strong><br \/>\n&#8211; abonnement \u00e0 dur\u00e9e fixe de <strong>12 mois : 226,2 euros<\/strong> au lieu 288euros, soit <strong>une r\u00e9duction de 35%<\/strong><\/p>\n<p>(les frais de ports pour la poste internationale sont inclus dans ces tarifs, aucun surcout n&rsquo;est \u00e0 pr\u00e9voir)<\/p>\n","protected":false},"featured_media":7386,"comment_status":"closed","ping_status":"closed","template":"","meta":{"_coblocks_attr":"","_coblocks_dimensions":"","_coblocks_responsive_height":"","_coblocks_accordion_ie_support":"","_monsterinsights_skip_tracking":false,"_monsterinsights_sitenote_active":false,"_monsterinsights_sitenote_note":"","_monsterinsights_sitenote_category":0,"site-sidebar-layout":"default","site-content-layout":"","ast-site-content-layout":"default","site-content-style":"default","site-sidebar-style":"default","ast-global-header-display":"","ast-banner-title-visibility":"","ast-main-header-display":"","ast-hfb-above-header-display":"","ast-hfb-below-header-display":"","ast-hfb-mobile-header-display":"","site-post-title":"","ast-breadcrumbs-content":"","ast-featured-img":"","footer-sml-layout":"","ast-disable-related-posts":"","theme-transparent-header-meta":"default","adv-header-id-meta":"","stick-header-meta":"","header-above-stick-meta":"","header-main-stick-meta":"","header-below-stick-meta":"","astra-migrate-meta-layouts":"set","ast-page-background-enabled":"default","ast-page-background-meta":{"desktop":{"background-color":"var(--ast-global-color-5)","background-image":"","background-repeat":"repeat","background-position":"center center","background-size":"auto","background-attachment":"scroll","background-type":"","background-media":"","overlay-type":"","overlay-color":"","overlay-opacity":"","overlay-gradient":""},"tablet":{"background-color":"","background-image":"","background-repeat":"repeat","background-position":"center center","background-size":"auto","background-attachment":"scroll","background-type":"","background-media":"","overlay-type":"","overlay-color":"","overlay-opacity":"","overlay-gradient":""},"mobile":{"background-color":"","background-image":"","background-repeat":"repeat","background-position":"center center","background-size":"auto","background-attachment":"scroll","background-type":"","background-media":"","overlay-type":"","overlay-color":"","overlay-opacity":"","overlay-gradient":""}},"ast-content-background-meta":{"desktop":{"background-color":"var(--ast-global-color-4)","background-image":"","background-repeat":"repeat","background-position":"center center","background-size":"auto","background-attachment":"scroll","background-type":"","background-media":"","overlay-type":"","overlay-color":"","overlay-opacity":"","overlay-gradient":""},"tablet":{"background-color":"var(--ast-global-color-4)","background-image":"","background-repeat":"repeat","background-position":"center center","background-size":"auto","background-attachment":"scroll","background-type":"","background-media":"","overlay-type":"","overlay-color":"","overlay-opacity":"","overlay-gradient":""},"mobile":{"background-color":"var(--ast-global-color-4)","background-image":"","background-repeat":"repeat","background-position":"center center","background-size":"auto","background-attachment":"scroll","background-type":"","background-media":"","overlay-type":"","overlay-color":"","overlay-opacity":"","overlay-gradient":""}}},"product_brand":[],"product_cat":[623,211,183,212,421,414,457],"product_tag":[566,622,569,568,570,567,621],"class_list":{"0":"post-7833","1":"product","2":"type-product","3":"status-publish","4":"has-post-thumbnail","6":"product_cat-abonnement-courrier-artistique","7":"product_cat-aquarelle","8":"product_cat-autres","9":"product_cat-illustration","10":"product_cat-impression-a-la-demande","11":"product_cat-imprimes","12":"product_cat-petites-productions-manuelles","13":"product_tag-abonnement","14":"product_tag-art-mail-club","15":"product_tag-courrier-artistique","16":"product_tag-courrier-postal","17":"product_tag-courrier-surprise","18":"product_tag-snail-mail","19":"product_tag-snail-mail-club-international","20":"desktop-align-left","21":"tablet-align-left","22":"mobile-align-left","24":"first","25":"instock","26":"featured","27":"shipping-taxable","28":"purchasable","29":"product-type-variable"},"yoast_head":"<!-- This site is optimized with the Yoast SEO plugin v27.5 - https:\/\/yoast.com\/product\/yoast-seo-wordpress\/ -->\n<title>Art mail (snail mail club international) - Nadej&#039;Art - Infusions cr\u00e9atives A<\/title>\n<meta name=\"description\" content=\"Each month, an artistic mailing from an artist, including: 1 letter, 1 printed art card, surprises...\" \/>\n<meta name=\"robots\" content=\"index, follow, max-snippet:-1, max-image-preview:large, max-video-preview:-1\" \/>\n<link rel=\"canonical\" href=\"https:\/\/www.nadejart.fr\/boutique\/produit\/art-mail-club-international\/\" \/>\n<meta property=\"og:locale\" content=\"fr_FR\" \/>\n<meta property=\"og:type\" content=\"article\" \/>\n<meta property=\"og:title\" content=\"Art mail (snail mail club international) - Nadej&#039;Art - Infusions cr\u00e9atives A\" \/>\n<meta property=\"og:description\" content=\"Each month, an artistic mailing from an artist, including: 1 letter, 1 printed art card, surprises...\" \/>\n<meta property=\"og:url\" content=\"https:\/\/www.nadejart.fr\/boutique\/produit\/art-mail-club-international\/\" \/>\n<meta property=\"og:site_name\" content=\"Nadej&#039;Art - Infusions cr\u00e9atives\" \/>\n<meta property=\"article:modified_time\" content=\"2026-04-17T07:27:38+00:00\" \/>\n<meta property=\"og:image\" content=\"https:\/\/www.nadejart.fr\/boutique\/wp-content\/uploads\/2026\/02\/lettre-surprise-mois.jpeg\" \/>\n\t<meta property=\"og:image:width\" content=\"1280\" \/>\n\t<meta property=\"og:image:height\" content=\"992\" \/>\n\t<meta property=\"og:image:type\" content=\"image\/jpeg\" \/>\n<meta name=\"twitter:card\" content=\"summary_large_image\" \/>\n<meta name=\"twitter:label1\" content=\"Dur\u00e9e de lecture estim\u00e9e\" \/>\n\t<meta name=\"twitter:data1\" content=\"1 minute\" \/>\n<script type=\"application\/ld+json\" class=\"yoast-schema-graph\">{\"@context\":\"https:\\\/\\\/schema.org\",\"@graph\":[{\"@type\":\"WebPage\",\"@id\":\"https:\\\/\\\/www.nadejart.fr\\\/boutique\\\/produit\\\/art-mail-club-international\\\/\",\"url\":\"https:\\\/\\\/www.nadejart.fr\\\/boutique\\\/produit\\\/art-mail-club-international\\\/\",\"name\":\"Art mail (snail mail club international) - Nadej&#039;Art - Infusions cr\u00e9atives A\",\"isPartOf\":{\"@id\":\"https:\\\/\\\/www.nadejart.fr\\\/boutique\\\/#website\"},\"primaryImageOfPage\":{\"@id\":\"https:\\\/\\\/www.nadejart.fr\\\/boutique\\\/produit\\\/art-mail-club-international\\\/#primaryimage\"},\"image\":{\"@id\":\"https:\\\/\\\/www.nadejart.fr\\\/boutique\\\/produit\\\/art-mail-club-international\\\/#primaryimage\"},\"thumbnailUrl\":\"https:\\\/\\\/www.nadejart.fr\\\/boutique\\\/wp-content\\\/uploads\\\/2026\\\/02\\\/lettre-surprise-mois.jpeg\",\"datePublished\":\"2026-04-16T10:49:29+00:00\",\"dateModified\":\"2026-04-17T07:27:38+00:00\",\"description\":\"Each month, an artistic mailing from an artist, including: 1 letter, 1 printed art card, surprises...\",\"breadcrumb\":{\"@id\":\"https:\\\/\\\/www.nadejart.fr\\\/boutique\\\/produit\\\/art-mail-club-international\\\/#breadcrumb\"},\"inLanguage\":\"fr-FR\",\"potentialAction\":[{\"@type\":\"ReadAction\",\"target\":[\"https:\\\/\\\/www.nadejart.fr\\\/boutique\\\/produit\\\/art-mail-club-international\\\/\"]}]},{\"@type\":\"ImageObject\",\"inLanguage\":\"fr-FR\",\"@id\":\"https:\\\/\\\/www.nadejart.fr\\\/boutique\\\/produit\\\/art-mail-club-international\\\/#primaryimage\",\"url\":\"https:\\\/\\\/www.nadejart.fr\\\/boutique\\\/wp-content\\\/uploads\\\/2026\\\/02\\\/lettre-surprise-mois.jpeg\",\"contentUrl\":\"https:\\\/\\\/www.nadejart.fr\\\/boutique\\\/wp-content\\\/uploads\\\/2026\\\/02\\\/lettre-surprise-mois.jpeg\",\"width\":1280,\"height\":992,\"caption\":\"re\u00e7ois une surprise chaque mois dans ta bo\u00eete aux lettres\"},{\"@type\":\"BreadcrumbList\",\"@id\":\"https:\\\/\\\/www.nadejart.fr\\\/boutique\\\/produit\\\/art-mail-club-international\\\/#breadcrumb\",\"itemListElement\":[{\"@type\":\"ListItem\",\"position\":1,\"name\":\"Accueil\",\"item\":\"https:\\\/\\\/www.nadejart.fr\\\/boutique\\\/\"},{\"@type\":\"ListItem\",\"position\":2,\"name\":\"Nadej&rsquo;Art &#8211; Boutique d\u2019illustratrice &#8211; Infusions cr\u00e9atives !\",\"item\":\"https:\\\/\\\/www.nadejart.fr\\\/boutique\\\/\"},{\"@type\":\"ListItem\",\"position\":3,\"name\":\"Abonnement courrier artistique\",\"item\":\"https:\\\/\\\/www.nadejart.fr\\\/boutique\\\/categorie-produit\\\/abonnement-courrier-artistique\\\/\"},{\"@type\":\"ListItem\",\"position\":4,\"name\":\"Art mail Turtle club (snail mail club international)\"}]},{\"@type\":\"WebSite\",\"@id\":\"https:\\\/\\\/www.nadejart.fr\\\/boutique\\\/#website\",\"url\":\"https:\\\/\\\/www.nadejart.fr\\\/boutique\\\/\",\"name\":\"Nadej'Art - Infusions cr\u00e9atives\",\"description\":\"Illustrations artiste ind\u00e9pendant\",\"publisher\":{\"@id\":\"https:\\\/\\\/www.nadejart.fr\\\/boutique\\\/#\\\/schema\\\/person\\\/cab632e7460709692c7e75bdc9db88de\"},\"alternateName\":\"Nadejart cr\u00e9ations\",\"potentialAction\":[{\"@type\":\"SearchAction\",\"target\":{\"@type\":\"EntryPoint\",\"urlTemplate\":\"https:\\\/\\\/www.nadejart.fr\\\/boutique\\\/?s={search_term_string}\"},\"query-input\":{\"@type\":\"PropertyValueSpecification\",\"valueRequired\":true,\"valueName\":\"search_term_string\"}}],\"inLanguage\":\"fr-FR\"},{\"@type\":[\"Person\",\"Organization\"],\"@id\":\"https:\\\/\\\/www.nadejart.fr\\\/boutique\\\/#\\\/schema\\\/person\\\/cab632e7460709692c7e75bdc9db88de\",\"name\":\"Cr\u00e9a Nad\",\"image\":{\"@type\":\"ImageObject\",\"inLanguage\":\"fr-FR\",\"@id\":\"https:\\\/\\\/www.nadejart.fr\\\/boutique\\\/wp-content\\\/uploads\\\/2026\\\/01\\\/cropped-Illustration_sans_titre-9.jpg\",\"url\":\"https:\\\/\\\/www.nadejart.fr\\\/boutique\\\/wp-content\\\/uploads\\\/2026\\\/01\\\/cropped-Illustration_sans_titre-9.jpg\",\"contentUrl\":\"https:\\\/\\\/www.nadejart.fr\\\/boutique\\\/wp-content\\\/uploads\\\/2026\\\/01\\\/cropped-Illustration_sans_titre-9.jpg\",\"width\":1800,\"height\":600,\"caption\":\"Cr\u00e9a Nad\"},\"logo\":{\"@id\":\"https:\\\/\\\/www.nadejart.fr\\\/boutique\\\/wp-content\\\/uploads\\\/2026\\\/01\\\/cropped-Illustration_sans_titre-9.jpg\"}}]}<\/script>\n<!-- \/ Yoast SEO plugin. -->","yoast_head_json":{"title":"Art mail (snail mail club international) - Nadej&#039;Art - Infusions cr\u00e9atives A","description":"Each month, an artistic mailing from an artist, including: 1 letter, 1 printed art card, surprises...","robots":{"index":"index","follow":"follow","max-snippet":"max-snippet:-1","max-image-preview":"max-image-preview:large","max-video-preview":"max-video-preview:-1"},"canonical":"https:\/\/www.nadejart.fr\/boutique\/produit\/art-mail-club-international\/","og_locale":"fr_FR","og_type":"article","og_title":"Art mail (snail mail club international) - Nadej&#039;Art - Infusions cr\u00e9atives A","og_description":"Each month, an artistic mailing from an artist, including: 1 letter, 1 printed art card, surprises...","og_url":"https:\/\/www.nadejart.fr\/boutique\/produit\/art-mail-club-international\/","og_site_name":"Nadej&#039;Art - Infusions cr\u00e9atives","article_modified_time":"2026-04-17T07:27:38+00:00","og_image":[{"width":1280,"height":992,"url":"https:\/\/www.nadejart.fr\/boutique\/wp-content\/uploads\/2026\/02\/lettre-surprise-mois.jpeg","type":"image\/jpeg"}],"twitter_card":"summary_large_image","twitter_misc":{"Dur\u00e9e de lecture estim\u00e9e":"1 minute"},"schema":{"@context":"https:\/\/schema.org","@graph":[{"@type":"WebPage","@id":"https:\/\/www.nadejart.fr\/boutique\/produit\/art-mail-club-international\/","url":"https:\/\/www.nadejart.fr\/boutique\/produit\/art-mail-club-international\/","name":"Art mail (snail mail club international) - Nadej&#039;Art - Infusions cr\u00e9atives A","isPartOf":{"@id":"https:\/\/www.nadejart.fr\/boutique\/#website"},"primaryImageOfPage":{"@id":"https:\/\/www.nadejart.fr\/boutique\/produit\/art-mail-club-international\/#primaryimage"},"image":{"@id":"https:\/\/www.nadejart.fr\/boutique\/produit\/art-mail-club-international\/#primaryimage"},"thumbnailUrl":"https:\/\/www.nadejart.fr\/boutique\/wp-content\/uploads\/2026\/02\/lettre-surprise-mois.jpeg","datePublished":"2026-04-16T10:49:29+00:00","dateModified":"2026-04-17T07:27:38+00:00","description":"Each month, an artistic mailing from an artist, including: 1 letter, 1 printed art card, surprises...","breadcrumb":{"@id":"https:\/\/www.nadejart.fr\/boutique\/produit\/art-mail-club-international\/#breadcrumb"},"inLanguage":"fr-FR","potentialAction":[{"@type":"ReadAction","target":["https:\/\/www.nadejart.fr\/boutique\/produit\/art-mail-club-international\/"]}]},{"@type":"ImageObject","inLanguage":"fr-FR","@id":"https:\/\/www.nadejart.fr\/boutique\/produit\/art-mail-club-international\/#primaryimage","url":"https:\/\/www.nadejart.fr\/boutique\/wp-content\/uploads\/2026\/02\/lettre-surprise-mois.jpeg","contentUrl":"https:\/\/www.nadejart.fr\/boutique\/wp-content\/uploads\/2026\/02\/lettre-surprise-mois.jpeg","width":1280,"height":992,"caption":"re\u00e7ois une surprise chaque mois dans ta bo\u00eete aux lettres"},{"@type":"BreadcrumbList","@id":"https:\/\/www.nadejart.fr\/boutique\/produit\/art-mail-club-international\/#breadcrumb","itemListElement":[{"@type":"ListItem","position":1,"name":"Accueil","item":"https:\/\/www.nadejart.fr\/boutique\/"},{"@type":"ListItem","position":2,"name":"Nadej&rsquo;Art &#8211; Boutique d\u2019illustratrice &#8211; Infusions cr\u00e9atives !","item":"https:\/\/www.nadejart.fr\/boutique\/"},{"@type":"ListItem","position":3,"name":"Abonnement courrier artistique","item":"https:\/\/www.nadejart.fr\/boutique\/categorie-produit\/abonnement-courrier-artistique\/"},{"@type":"ListItem","position":4,"name":"Art mail Turtle club (snail mail club international)"}]},{"@type":"WebSite","@id":"https:\/\/www.nadejart.fr\/boutique\/#website","url":"https:\/\/www.nadejart.fr\/boutique\/","name":"Nadej'Art - Infusions cr\u00e9atives","description":"Illustrations artiste ind\u00e9pendant","publisher":{"@id":"https:\/\/www.nadejart.fr\/boutique\/#\/schema\/person\/cab632e7460709692c7e75bdc9db88de"},"alternateName":"Nadejart cr\u00e9ations","potentialAction":[{"@type":"SearchAction","target":{"@type":"EntryPoint","urlTemplate":"https:\/\/www.nadejart.fr\/boutique\/?s={search_term_string}"},"query-input":{"@type":"PropertyValueSpecification","valueRequired":true,"valueName":"search_term_string"}}],"inLanguage":"fr-FR"},{"@type":["Person","Organization"],"@id":"https:\/\/www.nadejart.fr\/boutique\/#\/schema\/person\/cab632e7460709692c7e75bdc9db88de","name":"Cr\u00e9a Nad","image":{"@type":"ImageObject","inLanguage":"fr-FR","@id":"https:\/\/www.nadejart.fr\/boutique\/wp-content\/uploads\/2026\/01\/cropped-Illustration_sans_titre-9.jpg","url":"https:\/\/www.nadejart.fr\/boutique\/wp-content\/uploads\/2026\/01\/cropped-Illustration_sans_titre-9.jpg","contentUrl":"https:\/\/www.nadejart.fr\/boutique\/wp-content\/uploads\/2026\/01\/cropped-Illustration_sans_titre-9.jpg","width":1800,"height":600,"caption":"Cr\u00e9a Nad"},"logo":{"@id":"https:\/\/www.nadejart.fr\/boutique\/wp-content\/uploads\/2026\/01\/cropped-Illustration_sans_titre-9.jpg"}}]}},"_links":{"self":[{"href":"https:\/\/www.nadejart.fr\/boutique\/wp-json\/wp\/v2\/product\/7833","targetHints":{"allow":["GET"]}}],"collection":[{"href":"https:\/\/www.nadejart.fr\/boutique\/wp-json\/wp\/v2\/product"}],"about":[{"href":"https:\/\/www.nadejart.fr\/boutique\/wp-json\/wp\/v2\/types\/product"}],"replies":[{"embeddable":true,"href":"https:\/\/www.nadejart.fr\/boutique\/wp-json\/wp\/v2\/comments?post=7833"}],"wp:featuredmedia":[{"embeddable":true,"href":"https:\/\/www.nadejart.fr\/boutique\/wp-json\/wp\/v2\/media\/7386"}],"wp:attachment":[{"href":"https:\/\/www.nadejart.fr\/boutique\/wp-json\/wp\/v2\/media?parent=7833"}],"wp:term":[{"taxonomy":"product_brand","embeddable":true,"href":"https:\/\/www.nadejart.fr\/boutique\/wp-json\/wp\/v2\/product_brand?post=7833"},{"taxonomy":"product_cat","embeddable":true,"href":"https:\/\/www.nadejart.fr\/boutique\/wp-json\/wp\/v2\/product_cat?post=7833"},{"taxonomy":"product_tag","embeddable":true,"href":"https:\/\/www.nadejart.fr\/boutique\/wp-json\/wp\/v2\/product_tag?post=7833"}],"curies":[{"name":"wp","href":"https:\/\/api.w.org\/{rel}","templated":true}]}}