{"id":7728,"date":"2026-04-06T16:20:52","date_gmt":"2026-04-06T16:20:52","guid":{"rendered":"https:\/\/www.nadejart.fr\/boutique\/?post_type=product&#038;p=7728"},"modified":"2026-04-07T16:26:26","modified_gmt":"2026-04-07T16:26:26","slug":"badge-unique-serie-raphael-lecole-dathenes-socrate","status":"publish","type":"product","link":"https:\/\/www.nadejart.fr\/boutique\/produit\/badge-unique-serie-raphael-lecole-dathenes-socrate\/","title":{"rendered":"Badge unique s\u00e9rie Rapha\u00ebl, l&rsquo;\u00e9cole d\u2019Ath\u00e8nes, Socrate"},"content":{"rendered":"<p><em>Note : tirage enti\u00e8rement manuel. possibilit\u00e9s de petites bulles d&rsquo;air, traces d&rsquo;encre. Les d\u00e9coupes et les couleurs peuvent varier de la photo.<\/em> \u00a0<\/p>\n<p>\u0152uvre originale par Rapha\u00ebl, \u00e0 d\u00e9couvrir dans son int\u00e9gralit\u00e9 : <a href=\"https:\/\/fr.wikipedia.org\/wiki\/L%27%C3%89cole_d%27Ath%C3%A8nes\">https:\/\/fr.wikipedia.org\/wiki\/L%27%C3%89cole_d%27Ath%C3%A8nes<\/a><\/p>\n<p><a href=\"https:\/\/www.nadejart.fr\/boutique\">Nadej&rsquo;Art Infusions cr\u00e9atives<\/a><\/p>\n\n","protected":false},"excerpt":{"rendered":"<p>Dans ce d\u00e9tail, Rapha\u00ebl repr\u00e9sente plusieurs personnages dont les personnalit\u00e9s ne sont pas bien d\u00e9finies (peut \u00eatre Alcibiade et d&rsquo;autres) et sur la droite avec une toge verte, le c\u00e9l\u00e8bre philosophe Socrate.<\/p>\n[code_snippet id=19 format name=\"serie-raphael\"]\n","protected":false},"featured_media":7718,"comment_status":"closed","ping_status":"closed","template":"","meta":{"_coblocks_attr":"","_coblocks_dimensions":"","_coblocks_responsive_height":"","_coblocks_accordion_ie_support":"","_monsterinsights_skip_tracking":false,"_monsterinsights_sitenote_active":false,"_monsterinsights_sitenote_note":"","_monsterinsights_sitenote_category":0,"site-sidebar-layout":"default","site-content-layout":"","ast-site-content-layout":"default","site-content-style":"default","site-sidebar-style":"default","ast-global-header-display":"","ast-banner-title-visibility":"","ast-main-header-display":"","ast-hfb-above-header-display":"","ast-hfb-below-header-display":"","ast-hfb-mobile-header-display":"","site-post-title":"","ast-breadcrumbs-content":"","ast-featured-img":"","footer-sml-layout":"","ast-disable-related-posts":"","theme-transparent-header-meta":"default","adv-header-id-meta":"","stick-header-meta":"","header-above-stick-meta":"","header-main-stick-meta":"","header-below-stick-meta":"","astra-migrate-meta-layouts":"set","ast-page-background-enabled":"default","ast-page-background-meta":{"desktop":{"background-color":"var(--ast-global-color-5)","background-image":"","background-repeat":"repeat","background-position":"center center","background-size":"auto","background-attachment":"scroll","background-type":"","background-media":"","overlay-type":"","overlay-color":"","overlay-opacity":"","overlay-gradient":""},"tablet":{"background-color":"","background-image":"","background-repeat":"repeat","background-position":"center center","background-size":"auto","background-attachment":"scroll","background-type":"","background-media":"","overlay-type":"","overlay-color":"","overlay-opacity":"","overlay-gradient":""},"mobile":{"background-color":"","background-image":"","background-repeat":"repeat","background-position":"center center","background-size":"auto","background-attachment":"scroll","background-type":"","background-media":"","overlay-type":"","overlay-color":"","overlay-opacity":"","overlay-gradient":""}},"ast-content-background-meta":{"desktop":{"background-color":"var(--ast-global-color-4)","background-image":"","background-repeat":"repeat","background-position":"center center","background-size":"auto","background-attachment":"scroll","background-type":"","background-media":"","overlay-type":"","overlay-color":"","overlay-opacity":"","overlay-gradient":""},"tablet":{"background-color":"var(--ast-global-color-4)","background-image":"","background-repeat":"repeat","background-position":"center center","background-size":"auto","background-attachment":"scroll","background-type":"","background-media":"","overlay-type":"","overlay-color":"","overlay-opacity":"","overlay-gradient":""},"mobile":{"background-color":"var(--ast-global-color-4)","background-image":"","background-repeat":"repeat","background-position":"center center","background-size":"auto","background-attachment":"scroll","background-type":"","background-media":"","overlay-type":"","overlay-color":"","overlay-opacity":"","overlay-gradient":""}}},"product_brand":[],"product_cat":[456,457,583],"product_tag":[418,494,588,586,607,571,584,587,595],"class_list":{"0":"post-7728","1":"product","2":"type-product","3":"status-publish","4":"has-post-thumbnail","6":"product_cat-badge","7":"product_cat-petites-productions-manuelles","8":"product_cat-serie-art","9":"product_tag-art","10":"product_tag-badge","11":"product_tag-cadeau-artistique","12":"product_tag-lecole-dathenes","13":"product_tag-peinture-classique","14":"product_tag-piece-unique","15":"product_tag-raphael","16":"product_tag-reproduction","17":"product_tag-socrate","18":"product_shipping_class-lettre-suivie-verte-100g","19":"desktop-align-left","20":"tablet-align-left","21":"mobile-align-left","23":"first","24":"instock","25":"sold-individually","26":"shipping-taxable","27":"purchasable","28":"product-type-simple"},"yoast_head":"<!-- This site is optimized with the Yoast SEO plugin v27.5 - https:\/\/yoast.com\/product\/yoast-seo-wordpress\/ -->\n<title>Badge unique s\u00e9rie Rapha\u00ebl, l&#039;\u00e9cole d\u2019Ath\u00e8nes, Socrate - Nadej&#039;Art - Infusions cr\u00e9atives<\/title>\n<meta name=\"robots\" content=\"index, follow, max-snippet:-1, max-image-preview:large, max-video-preview:-1\" \/>\n<link rel=\"canonical\" href=\"https:\/\/www.nadejart.fr\/boutique\/produit\/badge-unique-serie-raphael-lecole-dathenes-socrate\/\" \/>\n<meta property=\"og:locale\" content=\"fr_FR\" \/>\n<meta property=\"og:type\" content=\"article\" \/>\n<meta property=\"og:title\" content=\"Badge unique s\u00e9rie Rapha\u00ebl, l&#039;\u00e9cole d\u2019Ath\u00e8nes, Socrate - Nadej&#039;Art - Infusions cr\u00e9atives\" \/>\n<meta property=\"og:description\" content=\"Dans ce d\u00e9tail, Rapha\u00ebl repr\u00e9sente plusieurs personnages dont les personnalit\u00e9s ne sont pas bien d\u00e9finies (peut \u00eatre Alcibiade et d&#039;autres) et sur la droite avec une toge verte, le c\u00e9l\u00e8bre philosophe Socrate.\" \/>\n<meta property=\"og:url\" content=\"https:\/\/www.nadejart.fr\/boutique\/produit\/badge-unique-serie-raphael-lecole-dathenes-socrate\/\" \/>\n<meta property=\"og:site_name\" content=\"Nadej&#039;Art - Infusions cr\u00e9atives\" \/>\n<meta property=\"article:modified_time\" content=\"2026-04-07T16:26:26+00:00\" \/>\n<meta property=\"og:image\" content=\"https:\/\/www.nadejart.fr\/boutique\/wp-content\/uploads\/2026\/04\/basge-arty-raphael-alcibiade-socrate.jpeg\" \/>\n\t<meta property=\"og:image:width\" content=\"600\" \/>\n\t<meta property=\"og:image:height\" content=\"600\" \/>\n\t<meta property=\"og:image:type\" content=\"image\/jpeg\" \/>\n<meta name=\"twitter:card\" content=\"summary_large_image\" \/>\n<meta name=\"twitter:label1\" content=\"Dur\u00e9e de lecture estim\u00e9e\" \/>\n\t<meta name=\"twitter:data1\" content=\"1 minute\" \/>\n<script type=\"application\/ld+json\" class=\"yoast-schema-graph\">{\"@context\":\"https:\\\/\\\/schema.org\",\"@graph\":[{\"@type\":\"WebPage\",\"@id\":\"https:\\\/\\\/www.nadejart.fr\\\/boutique\\\/produit\\\/badge-unique-serie-raphael-lecole-dathenes-socrate\\\/\",\"url\":\"https:\\\/\\\/www.nadejart.fr\\\/boutique\\\/produit\\\/badge-unique-serie-raphael-lecole-dathenes-socrate\\\/\",\"name\":\"Badge unique s\u00e9rie Rapha\u00ebl, l'\u00e9cole d\u2019Ath\u00e8nes, Socrate - Nadej&#039;Art - Infusions cr\u00e9atives\",\"isPartOf\":{\"@id\":\"https:\\\/\\\/www.nadejart.fr\\\/boutique\\\/#website\"},\"primaryImageOfPage\":{\"@id\":\"https:\\\/\\\/www.nadejart.fr\\\/boutique\\\/produit\\\/badge-unique-serie-raphael-lecole-dathenes-socrate\\\/#primaryimage\"},\"image\":{\"@id\":\"https:\\\/\\\/www.nadejart.fr\\\/boutique\\\/produit\\\/badge-unique-serie-raphael-lecole-dathenes-socrate\\\/#primaryimage\"},\"thumbnailUrl\":\"https:\\\/\\\/www.nadejart.fr\\\/boutique\\\/wp-content\\\/uploads\\\/2026\\\/04\\\/basge-arty-raphael-alcibiade-socrate.jpeg\",\"datePublished\":\"2026-04-06T16:20:52+00:00\",\"dateModified\":\"2026-04-07T16:26:26+00:00\",\"breadcrumb\":{\"@id\":\"https:\\\/\\\/www.nadejart.fr\\\/boutique\\\/produit\\\/badge-unique-serie-raphael-lecole-dathenes-socrate\\\/#breadcrumb\"},\"inLanguage\":\"fr-FR\",\"potentialAction\":[{\"@type\":\"ReadAction\",\"target\":[\"https:\\\/\\\/www.nadejart.fr\\\/boutique\\\/produit\\\/badge-unique-serie-raphael-lecole-dathenes-socrate\\\/\"]}]},{\"@type\":\"ImageObject\",\"inLanguage\":\"fr-FR\",\"@id\":\"https:\\\/\\\/www.nadejart.fr\\\/boutique\\\/produit\\\/badge-unique-serie-raphael-lecole-dathenes-socrate\\\/#primaryimage\",\"url\":\"https:\\\/\\\/www.nadejart.fr\\\/boutique\\\/wp-content\\\/uploads\\\/2026\\\/04\\\/basge-arty-raphael-alcibiade-socrate.jpeg\",\"contentUrl\":\"https:\\\/\\\/www.nadejart.fr\\\/boutique\\\/wp-content\\\/uploads\\\/2026\\\/04\\\/basge-arty-raphael-alcibiade-socrate.jpeg\",\"width\":600,\"height\":600,\"caption\":\"Socrate D\u00e9tails l\u2019\u00e9cole d\u2019Ath\u00e8nes de Rapha\u00ebl Badge artistique \u00e0 tirage unique\"},{\"@type\":\"BreadcrumbList\",\"@id\":\"https:\\\/\\\/www.nadejart.fr\\\/boutique\\\/produit\\\/badge-unique-serie-raphael-lecole-dathenes-socrate\\\/#breadcrumb\",\"itemListElement\":[{\"@type\":\"ListItem\",\"position\":1,\"name\":\"Accueil\",\"item\":\"https:\\\/\\\/www.nadejart.fr\\\/boutique\\\/\"},{\"@type\":\"ListItem\",\"position\":2,\"name\":\"Nadej&rsquo;Art &#8211; Boutique d\u2019illustratrice &#8211; Infusions cr\u00e9atives !\",\"item\":\"https:\\\/\\\/www.nadejart.fr\\\/boutique\\\/\"},{\"@type\":\"ListItem\",\"position\":3,\"name\":\"Petites productions manuelles\",\"item\":\"https:\\\/\\\/www.nadejart.fr\\\/boutique\\\/categorie-produit\\\/petites-productions-manuelles\\\/\"},{\"@type\":\"ListItem\",\"position\":4,\"name\":\"Badges\",\"item\":\"https:\\\/\\\/www.nadejart.fr\\\/boutique\\\/categorie-produit\\\/petites-productions-manuelles\\\/badge\\\/\"},{\"@type\":\"ListItem\",\"position\":5,\"name\":\"Badge unique s\u00e9rie Rapha\u00ebl, l&rsquo;\u00e9cole d\u2019Ath\u00e8nes, Socrate\"}]},{\"@type\":\"WebSite\",\"@id\":\"https:\\\/\\\/www.nadejart.fr\\\/boutique\\\/#website\",\"url\":\"https:\\\/\\\/www.nadejart.fr\\\/boutique\\\/\",\"name\":\"Nadej'Art - Infusions cr\u00e9atives\",\"description\":\"Illustrations artiste ind\u00e9pendant\",\"publisher\":{\"@id\":\"https:\\\/\\\/www.nadejart.fr\\\/boutique\\\/#\\\/schema\\\/person\\\/cab632e7460709692c7e75bdc9db88de\"},\"alternateName\":\"Nadejart cr\u00e9ations\",\"potentialAction\":[{\"@type\":\"SearchAction\",\"target\":{\"@type\":\"EntryPoint\",\"urlTemplate\":\"https:\\\/\\\/www.nadejart.fr\\\/boutique\\\/?s={search_term_string}\"},\"query-input\":{\"@type\":\"PropertyValueSpecification\",\"valueRequired\":true,\"valueName\":\"search_term_string\"}}],\"inLanguage\":\"fr-FR\"},{\"@type\":[\"Person\",\"Organization\"],\"@id\":\"https:\\\/\\\/www.nadejart.fr\\\/boutique\\\/#\\\/schema\\\/person\\\/cab632e7460709692c7e75bdc9db88de\",\"name\":\"Cr\u00e9a Nad\",\"image\":{\"@type\":\"ImageObject\",\"inLanguage\":\"fr-FR\",\"@id\":\"https:\\\/\\\/www.nadejart.fr\\\/boutique\\\/wp-content\\\/uploads\\\/2026\\\/01\\\/cropped-Illustration_sans_titre-9.jpg\",\"url\":\"https:\\\/\\\/www.nadejart.fr\\\/boutique\\\/wp-content\\\/uploads\\\/2026\\\/01\\\/cropped-Illustration_sans_titre-9.jpg\",\"contentUrl\":\"https:\\\/\\\/www.nadejart.fr\\\/boutique\\\/wp-content\\\/uploads\\\/2026\\\/01\\\/cropped-Illustration_sans_titre-9.jpg\",\"width\":1800,\"height\":600,\"caption\":\"Cr\u00e9a Nad\"},\"logo\":{\"@id\":\"https:\\\/\\\/www.nadejart.fr\\\/boutique\\\/wp-content\\\/uploads\\\/2026\\\/01\\\/cropped-Illustration_sans_titre-9.jpg\"}}]}<\/script>\n<!-- \/ Yoast SEO plugin. -->","yoast_head_json":{"title":"Badge unique s\u00e9rie Rapha\u00ebl, l'\u00e9cole d\u2019Ath\u00e8nes, Socrate - Nadej&#039;Art - Infusions cr\u00e9atives","robots":{"index":"index","follow":"follow","max-snippet":"max-snippet:-1","max-image-preview":"max-image-preview:large","max-video-preview":"max-video-preview:-1"},"canonical":"https:\/\/www.nadejart.fr\/boutique\/produit\/badge-unique-serie-raphael-lecole-dathenes-socrate\/","og_locale":"fr_FR","og_type":"article","og_title":"Badge unique s\u00e9rie Rapha\u00ebl, l'\u00e9cole d\u2019Ath\u00e8nes, Socrate - Nadej&#039;Art - Infusions cr\u00e9atives","og_description":"Dans ce d\u00e9tail, Rapha\u00ebl repr\u00e9sente plusieurs personnages dont les personnalit\u00e9s ne sont pas bien d\u00e9finies (peut \u00eatre Alcibiade et d'autres) et sur la droite avec une toge verte, le c\u00e9l\u00e8bre philosophe Socrate.","og_url":"https:\/\/www.nadejart.fr\/boutique\/produit\/badge-unique-serie-raphael-lecole-dathenes-socrate\/","og_site_name":"Nadej&#039;Art - Infusions cr\u00e9atives","article_modified_time":"2026-04-07T16:26:26+00:00","og_image":[{"width":600,"height":600,"url":"https:\/\/www.nadejart.fr\/boutique\/wp-content\/uploads\/2026\/04\/basge-arty-raphael-alcibiade-socrate.jpeg","type":"image\/jpeg"}],"twitter_card":"summary_large_image","twitter_misc":{"Dur\u00e9e de lecture estim\u00e9e":"1 minute"},"schema":{"@context":"https:\/\/schema.org","@graph":[{"@type":"WebPage","@id":"https:\/\/www.nadejart.fr\/boutique\/produit\/badge-unique-serie-raphael-lecole-dathenes-socrate\/","url":"https:\/\/www.nadejart.fr\/boutique\/produit\/badge-unique-serie-raphael-lecole-dathenes-socrate\/","name":"Badge unique s\u00e9rie Rapha\u00ebl, l'\u00e9cole d\u2019Ath\u00e8nes, Socrate - Nadej&#039;Art - Infusions cr\u00e9atives","isPartOf":{"@id":"https:\/\/www.nadejart.fr\/boutique\/#website"},"primaryImageOfPage":{"@id":"https:\/\/www.nadejart.fr\/boutique\/produit\/badge-unique-serie-raphael-lecole-dathenes-socrate\/#primaryimage"},"image":{"@id":"https:\/\/www.nadejart.fr\/boutique\/produit\/badge-unique-serie-raphael-lecole-dathenes-socrate\/#primaryimage"},"thumbnailUrl":"https:\/\/www.nadejart.fr\/boutique\/wp-content\/uploads\/2026\/04\/basge-arty-raphael-alcibiade-socrate.jpeg","datePublished":"2026-04-06T16:20:52+00:00","dateModified":"2026-04-07T16:26:26+00:00","breadcrumb":{"@id":"https:\/\/www.nadejart.fr\/boutique\/produit\/badge-unique-serie-raphael-lecole-dathenes-socrate\/#breadcrumb"},"inLanguage":"fr-FR","potentialAction":[{"@type":"ReadAction","target":["https:\/\/www.nadejart.fr\/boutique\/produit\/badge-unique-serie-raphael-lecole-dathenes-socrate\/"]}]},{"@type":"ImageObject","inLanguage":"fr-FR","@id":"https:\/\/www.nadejart.fr\/boutique\/produit\/badge-unique-serie-raphael-lecole-dathenes-socrate\/#primaryimage","url":"https:\/\/www.nadejart.fr\/boutique\/wp-content\/uploads\/2026\/04\/basge-arty-raphael-alcibiade-socrate.jpeg","contentUrl":"https:\/\/www.nadejart.fr\/boutique\/wp-content\/uploads\/2026\/04\/basge-arty-raphael-alcibiade-socrate.jpeg","width":600,"height":600,"caption":"Socrate D\u00e9tails l\u2019\u00e9cole d\u2019Ath\u00e8nes de Rapha\u00ebl Badge artistique \u00e0 tirage unique"},{"@type":"BreadcrumbList","@id":"https:\/\/www.nadejart.fr\/boutique\/produit\/badge-unique-serie-raphael-lecole-dathenes-socrate\/#breadcrumb","itemListElement":[{"@type":"ListItem","position":1,"name":"Accueil","item":"https:\/\/www.nadejart.fr\/boutique\/"},{"@type":"ListItem","position":2,"name":"Nadej&rsquo;Art &#8211; Boutique d\u2019illustratrice &#8211; Infusions cr\u00e9atives !","item":"https:\/\/www.nadejart.fr\/boutique\/"},{"@type":"ListItem","position":3,"name":"Petites productions manuelles","item":"https:\/\/www.nadejart.fr\/boutique\/categorie-produit\/petites-productions-manuelles\/"},{"@type":"ListItem","position":4,"name":"Badges","item":"https:\/\/www.nadejart.fr\/boutique\/categorie-produit\/petites-productions-manuelles\/badge\/"},{"@type":"ListItem","position":5,"name":"Badge unique s\u00e9rie Rapha\u00ebl, l&rsquo;\u00e9cole d\u2019Ath\u00e8nes, Socrate"}]},{"@type":"WebSite","@id":"https:\/\/www.nadejart.fr\/boutique\/#website","url":"https:\/\/www.nadejart.fr\/boutique\/","name":"Nadej'Art - Infusions cr\u00e9atives","description":"Illustrations artiste ind\u00e9pendant","publisher":{"@id":"https:\/\/www.nadejart.fr\/boutique\/#\/schema\/person\/cab632e7460709692c7e75bdc9db88de"},"alternateName":"Nadejart cr\u00e9ations","potentialAction":[{"@type":"SearchAction","target":{"@type":"EntryPoint","urlTemplate":"https:\/\/www.nadejart.fr\/boutique\/?s={search_term_string}"},"query-input":{"@type":"PropertyValueSpecification","valueRequired":true,"valueName":"search_term_string"}}],"inLanguage":"fr-FR"},{"@type":["Person","Organization"],"@id":"https:\/\/www.nadejart.fr\/boutique\/#\/schema\/person\/cab632e7460709692c7e75bdc9db88de","name":"Cr\u00e9a Nad","image":{"@type":"ImageObject","inLanguage":"fr-FR","@id":"https:\/\/www.nadejart.fr\/boutique\/wp-content\/uploads\/2026\/01\/cropped-Illustration_sans_titre-9.jpg","url":"https:\/\/www.nadejart.fr\/boutique\/wp-content\/uploads\/2026\/01\/cropped-Illustration_sans_titre-9.jpg","contentUrl":"https:\/\/www.nadejart.fr\/boutique\/wp-content\/uploads\/2026\/01\/cropped-Illustration_sans_titre-9.jpg","width":1800,"height":600,"caption":"Cr\u00e9a Nad"},"logo":{"@id":"https:\/\/www.nadejart.fr\/boutique\/wp-content\/uploads\/2026\/01\/cropped-Illustration_sans_titre-9.jpg"}}]}},"_links":{"self":[{"href":"https:\/\/www.nadejart.fr\/boutique\/wp-json\/wp\/v2\/product\/7728","targetHints":{"allow":["GET"]}}],"collection":[{"href":"https:\/\/www.nadejart.fr\/boutique\/wp-json\/wp\/v2\/product"}],"about":[{"href":"https:\/\/www.nadejart.fr\/boutique\/wp-json\/wp\/v2\/types\/product"}],"replies":[{"embeddable":true,"href":"https:\/\/www.nadejart.fr\/boutique\/wp-json\/wp\/v2\/comments?post=7728"}],"wp:featuredmedia":[{"embeddable":true,"href":"https:\/\/www.nadejart.fr\/boutique\/wp-json\/wp\/v2\/media\/7718"}],"wp:attachment":[{"href":"https:\/\/www.nadejart.fr\/boutique\/wp-json\/wp\/v2\/media?parent=7728"}],"wp:term":[{"taxonomy":"product_brand","embeddable":true,"href":"https:\/\/www.nadejart.fr\/boutique\/wp-json\/wp\/v2\/product_brand?post=7728"},{"taxonomy":"product_cat","embeddable":true,"href":"https:\/\/www.nadejart.fr\/boutique\/wp-json\/wp\/v2\/product_cat?post=7728"},{"taxonomy":"product_tag","embeddable":true,"href":"https:\/\/www.nadejart.fr\/boutique\/wp-json\/wp\/v2\/product_tag?post=7728"}],"curies":[{"name":"wp","href":"https:\/\/api.w.org\/{rel}","templated":true}]}}