{"id":7251,"date":"2026-02-02T15:11:58","date_gmt":"2026-02-02T15:11:58","guid":{"rendered":"https:\/\/www.nadejart.fr\/boutique\/?post_type=product&#038;p=7251"},"modified":"2026-02-19T19:02:22","modified_gmt":"2026-02-19T19:02:22","slug":"badge-porte-bonheur-maneki-neko-jaune","status":"publish","type":"product","link":"https:\/\/www.nadejart.fr\/boutique\/produit\/badge-porte-bonheur-maneki-neko-jaune\/","title":{"rendered":"Badge porte-bonheur maneki neko jaune"},"content":{"rendered":"<h2>Le <strong>Maneki Neko<\/strong> : un porte bonheur haut en couleurs.<\/h2>\n<p>Le <strong>porte-bonheur chat \u00ab\u00a0Maneki Neko\u00a0\u00bb<\/strong> est \u00e0 l\u2019origine une statuette japonaise repr\u00e9sentant un chat avec une patte lev\u00e9e. <br \/>Il poss\u00e8de une signification diff\u00e9rente selon <strong>sa couleur<\/strong>.<\/p>\n<p>Dans tous les cas, il apporte<strong> le <em>bonheur<\/em>, la <em>chance<\/em> et la <em>bonne fortune<\/em><\/strong> \u00e0 son propri\u00e9taire.<\/p>\n<p>Les diff\u00e9rentes couleurs :<\/p>\n<ul>\n<li>Le <a href=\"https:\/\/www.nadejart.fr\/boutique\/produit\/badge-porte-bonheur-maneki-neko-noir\/\">maneki neko <strong>noir<\/strong><\/a> : bonne chance et protection contre le mal<\/li>\n<li>Le <a href=\"https:\/\/www.nadejart.fr\/boutique\/produit\/badge-porte-bonheur-maneki-neko-vert\/\">maneki neko <strong>vert<\/strong><\/a> : Bonne sant\u00e9 et r\u00e9ussite scolaire<\/li>\n<li>Le <a href=\"https:\/\/www.nadejart.fr\/boutique\/produit\/badge-porte-bonheur-maneki-neko-rose\/\">maneki neko <strong>rose<\/strong><\/a> : Mariage heureux, amour et romance<\/li>\n<li>Le <a href=\"https:\/\/www.nadejart.fr\/boutique\/produit\/badge-porte-bonheur-maneki-neko-rouge\/\">maneki neko <strong>rouge<\/strong><\/a> : bonne chance et s\u00e9curit\u00e9<\/li>\n<li>Le <a href=\"https:\/\/www.nadejart.fr\/boutique\/produit\/badge-porte-bonh\u2026aneki-neko-jaune\/\">maneki neko <strong>jaune<\/strong><\/a> : bonne fortune, prosp\u00e9rit\u00e9<\/li>\n<li>Le<a href=\"https:\/\/www.nadejart.fr\/boutique\/produit\/badge-porte-bonheur-maneki-neko-bleu\/\"> maneki neko <strong>bleu<\/strong> <\/a>: harmonie, paix et joie<\/li>\n<li>Le <a href=\"https:\/\/www.nadejart.fr\/boutique\/produit\/badge-porte-bonheur-maneki-neko-blanc\/\">maneki neko <strong>blanc<\/strong><\/a> : chance, bonheur et \u00e9nergie positive<\/li>\n<\/ul>\n\n<p>En vente : exclusivement sur cette boutique en ligne et lors de salons ou festivals. <br \/><em>Note : tirage enti\u00e8rement manuel. possibilit\u00e9s de petites bulles d&rsquo;air, traces d&rsquo;encre. Les d\u00e9coupes et les couleurs peuvent varier de la photo.<\/em> \u00a0 <\/p>\n<p>Les illustrations sont des cr\u00e9ations originales, r\u00e9alis\u00e9es manuellement et\u00a0inspir\u00e9es des symboles traditionnels. <br \/>\u00a92026 Nadej Gunalp<\/p>\n<p><a href=\"https:\/\/www.nadejart.fr\/boutique\">Nadej&rsquo;Art Infusions cr\u00e9atives<\/a><\/p>\n<p>&#8212;&#8212;&#8212;&#8212;&#8212;&#8212;&#8212;&#8212;&#8212;&#8212;&#8212;&#8212;&#8212;&#8211;<\/p>\n<p><h2><span style=\"text-decoration: underline;\"><strong>FAQ &#8211; Foire aux questions<\/strong><\/span><\/h2>\n<\/p>\n<ul>\n<li><strong>Les dessins sont-ils des cr\u00e9ations originales ?<\/strong><br \/>Oui, aucun dessin n&rsquo;est copi\u00e9.<\/li>\n<li><strong>Les dessins sont-ils r\u00e9alis\u00e9s par un artiste ?<\/strong><br \/>Absolument oui ! Pas d&rsquo;utilisation d&rsquo;image g\u00e9n\u00e9r\u00e9es artificiellement.<\/li>\n<li><strong>Quelles sont les techniques utilis\u00e9es pour les dessins ?<\/strong><br \/>La plupart du temps, les dessins vont \u00eatre r\u00e9alis\u00e9s sur tablette graphique ou bien \u00e0 l&rsquo;aquarelle et au feutre.<\/li>\n<li><strong>Les attaches de badges sont-elles en m\u00e9tal ou en plastique ?<\/strong><br \/>En m\u00e9tal, elles sont r\u00e9sistantes.<\/li>\n<li><strong>Combien de tirages sont r\u00e9alis\u00e9s pour chacun des badges ?<br \/><\/strong>Les tirages sont des petites productions artistiques manuelles, il y a donc tr\u00e8s peu de pi\u00e8ces disponibles (une dizaine environ).<\/li>\n<li><strong>Je voudrais commander une centaine de badges pour un mariage, est-ce possible ?<\/strong><br \/>Oui, c&rsquo;est possible, mais pour ce type de demande, il faut prendre <a href=\"https:\/\/www.nadejart.fr\/boutique\/contact\/\">contact<\/a> au pr\u00e9alable.<\/li>\n<li><strong>Est-ce que les badges r\u00e9sistent \u00e0 l&rsquo;eau ?<\/strong><br \/>Oui (raisonnablement, par exemple sous une pluie fine) il y a une fine couche de plastique protecteur mais ils ne sont pas lavables en machine.<\/li>\n<li><strong>J&rsquo;ai une id\u00e9e de texte et de dessin pour un anniversaire, je voudrais commander des badges personnalis\u00e9s, est-ce possible ?<\/strong><br \/>Pour ce type de demande, il faut prendre <a href=\"https:\/\/www.nadejart.fr\/boutique\/contact\/\">contact<\/a> pour \u00e9changer directement.<\/li>\n<li><strong>Je voudrais en plus \u00e9crire le nom d&rsquo;une personne sur le badge pour pouvoir l&rsquo;offrir, pouvez-vous le faire ?<\/strong><br \/>C&rsquo;est faisable avec un surcout compris entre 1 et 3 euros. Pensez \u00e0 prendre <a href=\"https:\/\/www.nadejart.fr\/boutique\/contact\/\">contact<\/a> pour \u00e9changer directement.<\/li>\n<li><strong>Peut-on trouver vos badges dans le commerce ?<br \/><\/strong>Non, ils sont uniquement en vente sur cette boutique en ligne ou bien lors de festivals ou de salons.<\/li>\n<\/ul>\n\n","protected":false},"excerpt":{"rendered":"<p>Le maneki neko jaune : <strong>bonne fortune, prosp\u00e9rit\u00e9<\/strong><\/p>\n[code_snippet id=14 format name=\"texte-badgepb\"]\n","protected":false},"featured_media":7238,"comment_status":"closed","ping_status":"closed","template":"","meta":{"_coblocks_attr":"","_coblocks_dimensions":"","_coblocks_responsive_height":"","_coblocks_accordion_ie_support":"","_monsterinsights_skip_tracking":false,"_monsterinsights_sitenote_active":false,"_monsterinsights_sitenote_note":"","_monsterinsights_sitenote_category":0,"site-sidebar-layout":"default","site-content-layout":"","ast-site-content-layout":"default","site-content-style":"default","site-sidebar-style":"default","ast-global-header-display":"","ast-banner-title-visibility":"","ast-main-header-display":"","ast-hfb-above-header-display":"","ast-hfb-below-header-display":"","ast-hfb-mobile-header-display":"","site-post-title":"","ast-breadcrumbs-content":"","ast-featured-img":"","footer-sml-layout":"","ast-disable-related-posts":"","theme-transparent-header-meta":"default","adv-header-id-meta":"","stick-header-meta":"","header-above-stick-meta":"","header-main-stick-meta":"","header-below-stick-meta":"","astra-migrate-meta-layouts":"set","ast-page-background-enabled":"default","ast-page-background-meta":{"desktop":{"background-color":"var(--ast-global-color-5)","background-image":"","background-repeat":"repeat","background-position":"center center","background-size":"auto","background-attachment":"scroll","background-type":"","background-media":"","overlay-type":"","overlay-color":"","overlay-opacity":"","overlay-gradient":""},"tablet":{"background-color":"","background-image":"","background-repeat":"repeat","background-position":"center center","background-size":"auto","background-attachment":"scroll","background-type":"","background-media":"","overlay-type":"","overlay-color":"","overlay-opacity":"","overlay-gradient":""},"mobile":{"background-color":"","background-image":"","background-repeat":"repeat","background-position":"center center","background-size":"auto","background-attachment":"scroll","background-type":"","background-media":"","overlay-type":"","overlay-color":"","overlay-opacity":"","overlay-gradient":""}},"ast-content-background-meta":{"desktop":{"background-color":"var(--ast-global-color-4)","background-image":"","background-repeat":"repeat","background-position":"center center","background-size":"auto","background-attachment":"scroll","background-type":"","background-media":"","overlay-type":"","overlay-color":"","overlay-opacity":"","overlay-gradient":""},"tablet":{"background-color":"var(--ast-global-color-4)","background-image":"","background-repeat":"repeat","background-position":"center center","background-size":"auto","background-attachment":"scroll","background-type":"","background-media":"","overlay-type":"","overlay-color":"","overlay-opacity":"","overlay-gradient":""},"mobile":{"background-color":"var(--ast-global-color-4)","background-image":"","background-repeat":"repeat","background-position":"center center","background-size":"auto","background-attachment":"scroll","background-type":"","background-media":"","overlay-type":"","overlay-color":"","overlay-opacity":"","overlay-gradient":""}}},"product_brand":[],"product_cat":[456,457,506],"product_tag":[494,509,20,550,508,511,510],"class_list":{"0":"post-7251","1":"product","2":"type-product","3":"status-publish","4":"has-post-thumbnail","6":"product_cat-badge","7":"product_cat-petites-productions-manuelles","8":"product_cat-porte-bonheur","9":"product_tag-badge","10":"product_tag-chance","11":"product_tag-chat","12":"product_tag-chat-maneki-neko","13":"product_tag-porte-bonheur","14":"product_tag-prosperite","15":"product_tag-protection","16":"product_shipping_class-lettre-suivie-verte-100g","17":"desktop-align-left","18":"tablet-align-left","19":"mobile-align-left","21":"first","22":"instock","23":"shipping-taxable","24":"purchasable","25":"product-type-simple"},"yoast_head":"<!-- This site is optimized with the Yoast SEO plugin v27.5 - https:\/\/yoast.com\/product\/yoast-seo-wordpress\/ -->\n<title>Badge porte-bonheur maneki neko jaune - Nadej&#039;Art - Infusions cr\u00e9atives<\/title>\n<meta name=\"robots\" content=\"index, follow, max-snippet:-1, max-image-preview:large, max-video-preview:-1\" \/>\n<link rel=\"canonical\" href=\"https:\/\/www.nadejart.fr\/boutique\/produit\/badge-porte-bonheur-maneki-neko-jaune\/\" \/>\n<meta property=\"og:locale\" content=\"fr_FR\" \/>\n<meta property=\"og:type\" content=\"article\" \/>\n<meta property=\"og:title\" content=\"Badge porte-bonheur maneki neko jaune - Nadej&#039;Art - Infusions cr\u00e9atives\" \/>\n<meta property=\"og:description\" content=\"Le maneki neko jaune : bonne fortune, prosp\u00e9rit\u00e9\" \/>\n<meta property=\"og:url\" content=\"https:\/\/www.nadejart.fr\/boutique\/produit\/badge-porte-bonheur-maneki-neko-jaune\/\" \/>\n<meta property=\"og:site_name\" content=\"Nadej&#039;Art - Infusions cr\u00e9atives\" \/>\n<meta property=\"article:modified_time\" content=\"2026-02-19T19:02:22+00:00\" \/>\n<meta property=\"og:image\" content=\"https:\/\/www.nadejart.fr\/boutique\/wp-content\/uploads\/2026\/02\/badge-porte-bonheur-chat-maneki-neko-jaune.jpg\" \/>\n\t<meta property=\"og:image:width\" content=\"600\" \/>\n\t<meta property=\"og:image:height\" content=\"600\" \/>\n\t<meta property=\"og:image:type\" content=\"image\/jpeg\" \/>\n<meta name=\"twitter:card\" content=\"summary_large_image\" \/>\n<meta name=\"twitter:label1\" content=\"Dur\u00e9e de lecture estim\u00e9e\" \/>\n\t<meta name=\"twitter:data1\" content=\"1 minute\" \/>\n<script type=\"application\/ld+json\" class=\"yoast-schema-graph\">{\"@context\":\"https:\\\/\\\/schema.org\",\"@graph\":[{\"@type\":\"WebPage\",\"@id\":\"https:\\\/\\\/www.nadejart.fr\\\/boutique\\\/produit\\\/badge-porte-bonheur-maneki-neko-jaune\\\/\",\"url\":\"https:\\\/\\\/www.nadejart.fr\\\/boutique\\\/produit\\\/badge-porte-bonheur-maneki-neko-jaune\\\/\",\"name\":\"Badge porte-bonheur maneki neko jaune - Nadej&#039;Art - Infusions cr\u00e9atives\",\"isPartOf\":{\"@id\":\"https:\\\/\\\/www.nadejart.fr\\\/boutique\\\/#website\"},\"primaryImageOfPage\":{\"@id\":\"https:\\\/\\\/www.nadejart.fr\\\/boutique\\\/produit\\\/badge-porte-bonheur-maneki-neko-jaune\\\/#primaryimage\"},\"image\":{\"@id\":\"https:\\\/\\\/www.nadejart.fr\\\/boutique\\\/produit\\\/badge-porte-bonheur-maneki-neko-jaune\\\/#primaryimage\"},\"thumbnailUrl\":\"https:\\\/\\\/www.nadejart.fr\\\/boutique\\\/wp-content\\\/uploads\\\/2026\\\/02\\\/badge-porte-bonheur-chat-maneki-neko-jaune.jpg\",\"datePublished\":\"2026-02-02T15:11:58+00:00\",\"dateModified\":\"2026-02-19T19:02:22+00:00\",\"breadcrumb\":{\"@id\":\"https:\\\/\\\/www.nadejart.fr\\\/boutique\\\/produit\\\/badge-porte-bonheur-maneki-neko-jaune\\\/#breadcrumb\"},\"inLanguage\":\"fr-FR\",\"potentialAction\":[{\"@type\":\"ReadAction\",\"target\":[\"https:\\\/\\\/www.nadejart.fr\\\/boutique\\\/produit\\\/badge-porte-bonheur-maneki-neko-jaune\\\/\"]}]},{\"@type\":\"ImageObject\",\"inLanguage\":\"fr-FR\",\"@id\":\"https:\\\/\\\/www.nadejart.fr\\\/boutique\\\/produit\\\/badge-porte-bonheur-maneki-neko-jaune\\\/#primaryimage\",\"url\":\"https:\\\/\\\/www.nadejart.fr\\\/boutique\\\/wp-content\\\/uploads\\\/2026\\\/02\\\/badge-porte-bonheur-chat-maneki-neko-jaune.jpg\",\"contentUrl\":\"https:\\\/\\\/www.nadejart.fr\\\/boutique\\\/wp-content\\\/uploads\\\/2026\\\/02\\\/badge-porte-bonheur-chat-maneki-neko-jaune.jpg\",\"width\":600,\"height\":600,\"caption\":\"pin's badge porte bonheur maneki neko jaune\"},{\"@type\":\"BreadcrumbList\",\"@id\":\"https:\\\/\\\/www.nadejart.fr\\\/boutique\\\/produit\\\/badge-porte-bonheur-maneki-neko-jaune\\\/#breadcrumb\",\"itemListElement\":[{\"@type\":\"ListItem\",\"position\":1,\"name\":\"Accueil\",\"item\":\"https:\\\/\\\/www.nadejart.fr\\\/boutique\\\/\"},{\"@type\":\"ListItem\",\"position\":2,\"name\":\"Nadej&rsquo;Art &#8211; Boutique d\u2019illustratrice &#8211; Infusions cr\u00e9atives !\",\"item\":\"https:\\\/\\\/www.nadejart.fr\\\/boutique\\\/\"},{\"@type\":\"ListItem\",\"position\":3,\"name\":\"Petites productions manuelles\",\"item\":\"https:\\\/\\\/www.nadejart.fr\\\/boutique\\\/categorie-produit\\\/petites-productions-manuelles\\\/\"},{\"@type\":\"ListItem\",\"position\":4,\"name\":\"Badge porte-bonheur maneki neko jaune\"}]},{\"@type\":\"WebSite\",\"@id\":\"https:\\\/\\\/www.nadejart.fr\\\/boutique\\\/#website\",\"url\":\"https:\\\/\\\/www.nadejart.fr\\\/boutique\\\/\",\"name\":\"Nadej'Art - Infusions cr\u00e9atives\",\"description\":\"Illustrations artiste ind\u00e9pendant\",\"publisher\":{\"@id\":\"https:\\\/\\\/www.nadejart.fr\\\/boutique\\\/#\\\/schema\\\/person\\\/cab632e7460709692c7e75bdc9db88de\"},\"alternateName\":\"Nadejart cr\u00e9ations\",\"potentialAction\":[{\"@type\":\"SearchAction\",\"target\":{\"@type\":\"EntryPoint\",\"urlTemplate\":\"https:\\\/\\\/www.nadejart.fr\\\/boutique\\\/?s={search_term_string}\"},\"query-input\":{\"@type\":\"PropertyValueSpecification\",\"valueRequired\":true,\"valueName\":\"search_term_string\"}}],\"inLanguage\":\"fr-FR\"},{\"@type\":[\"Person\",\"Organization\"],\"@id\":\"https:\\\/\\\/www.nadejart.fr\\\/boutique\\\/#\\\/schema\\\/person\\\/cab632e7460709692c7e75bdc9db88de\",\"name\":\"Cr\u00e9a Nad\",\"image\":{\"@type\":\"ImageObject\",\"inLanguage\":\"fr-FR\",\"@id\":\"https:\\\/\\\/www.nadejart.fr\\\/boutique\\\/wp-content\\\/uploads\\\/2026\\\/01\\\/cropped-Illustration_sans_titre-9.jpg\",\"url\":\"https:\\\/\\\/www.nadejart.fr\\\/boutique\\\/wp-content\\\/uploads\\\/2026\\\/01\\\/cropped-Illustration_sans_titre-9.jpg\",\"contentUrl\":\"https:\\\/\\\/www.nadejart.fr\\\/boutique\\\/wp-content\\\/uploads\\\/2026\\\/01\\\/cropped-Illustration_sans_titre-9.jpg\",\"width\":1800,\"height\":600,\"caption\":\"Cr\u00e9a Nad\"},\"logo\":{\"@id\":\"https:\\\/\\\/www.nadejart.fr\\\/boutique\\\/wp-content\\\/uploads\\\/2026\\\/01\\\/cropped-Illustration_sans_titre-9.jpg\"}}]}<\/script>\n<!-- \/ Yoast SEO plugin. -->","yoast_head_json":{"title":"Badge porte-bonheur maneki neko jaune - Nadej&#039;Art - Infusions cr\u00e9atives","robots":{"index":"index","follow":"follow","max-snippet":"max-snippet:-1","max-image-preview":"max-image-preview:large","max-video-preview":"max-video-preview:-1"},"canonical":"https:\/\/www.nadejart.fr\/boutique\/produit\/badge-porte-bonheur-maneki-neko-jaune\/","og_locale":"fr_FR","og_type":"article","og_title":"Badge porte-bonheur maneki neko jaune - Nadej&#039;Art - Infusions cr\u00e9atives","og_description":"Le maneki neko jaune : bonne fortune, prosp\u00e9rit\u00e9","og_url":"https:\/\/www.nadejart.fr\/boutique\/produit\/badge-porte-bonheur-maneki-neko-jaune\/","og_site_name":"Nadej&#039;Art - Infusions cr\u00e9atives","article_modified_time":"2026-02-19T19:02:22+00:00","og_image":[{"width":600,"height":600,"url":"https:\/\/www.nadejart.fr\/boutique\/wp-content\/uploads\/2026\/02\/badge-porte-bonheur-chat-maneki-neko-jaune.jpg","type":"image\/jpeg"}],"twitter_card":"summary_large_image","twitter_misc":{"Dur\u00e9e de lecture estim\u00e9e":"1 minute"},"schema":{"@context":"https:\/\/schema.org","@graph":[{"@type":"WebPage","@id":"https:\/\/www.nadejart.fr\/boutique\/produit\/badge-porte-bonheur-maneki-neko-jaune\/","url":"https:\/\/www.nadejart.fr\/boutique\/produit\/badge-porte-bonheur-maneki-neko-jaune\/","name":"Badge porte-bonheur maneki neko jaune - Nadej&#039;Art - Infusions cr\u00e9atives","isPartOf":{"@id":"https:\/\/www.nadejart.fr\/boutique\/#website"},"primaryImageOfPage":{"@id":"https:\/\/www.nadejart.fr\/boutique\/produit\/badge-porte-bonheur-maneki-neko-jaune\/#primaryimage"},"image":{"@id":"https:\/\/www.nadejart.fr\/boutique\/produit\/badge-porte-bonheur-maneki-neko-jaune\/#primaryimage"},"thumbnailUrl":"https:\/\/www.nadejart.fr\/boutique\/wp-content\/uploads\/2026\/02\/badge-porte-bonheur-chat-maneki-neko-jaune.jpg","datePublished":"2026-02-02T15:11:58+00:00","dateModified":"2026-02-19T19:02:22+00:00","breadcrumb":{"@id":"https:\/\/www.nadejart.fr\/boutique\/produit\/badge-porte-bonheur-maneki-neko-jaune\/#breadcrumb"},"inLanguage":"fr-FR","potentialAction":[{"@type":"ReadAction","target":["https:\/\/www.nadejart.fr\/boutique\/produit\/badge-porte-bonheur-maneki-neko-jaune\/"]}]},{"@type":"ImageObject","inLanguage":"fr-FR","@id":"https:\/\/www.nadejart.fr\/boutique\/produit\/badge-porte-bonheur-maneki-neko-jaune\/#primaryimage","url":"https:\/\/www.nadejart.fr\/boutique\/wp-content\/uploads\/2026\/02\/badge-porte-bonheur-chat-maneki-neko-jaune.jpg","contentUrl":"https:\/\/www.nadejart.fr\/boutique\/wp-content\/uploads\/2026\/02\/badge-porte-bonheur-chat-maneki-neko-jaune.jpg","width":600,"height":600,"caption":"pin's badge porte bonheur maneki neko jaune"},{"@type":"BreadcrumbList","@id":"https:\/\/www.nadejart.fr\/boutique\/produit\/badge-porte-bonheur-maneki-neko-jaune\/#breadcrumb","itemListElement":[{"@type":"ListItem","position":1,"name":"Accueil","item":"https:\/\/www.nadejart.fr\/boutique\/"},{"@type":"ListItem","position":2,"name":"Nadej&rsquo;Art &#8211; Boutique d\u2019illustratrice &#8211; Infusions cr\u00e9atives !","item":"https:\/\/www.nadejart.fr\/boutique\/"},{"@type":"ListItem","position":3,"name":"Petites productions manuelles","item":"https:\/\/www.nadejart.fr\/boutique\/categorie-produit\/petites-productions-manuelles\/"},{"@type":"ListItem","position":4,"name":"Badge porte-bonheur maneki neko jaune"}]},{"@type":"WebSite","@id":"https:\/\/www.nadejart.fr\/boutique\/#website","url":"https:\/\/www.nadejart.fr\/boutique\/","name":"Nadej'Art - Infusions cr\u00e9atives","description":"Illustrations artiste ind\u00e9pendant","publisher":{"@id":"https:\/\/www.nadejart.fr\/boutique\/#\/schema\/person\/cab632e7460709692c7e75bdc9db88de"},"alternateName":"Nadejart cr\u00e9ations","potentialAction":[{"@type":"SearchAction","target":{"@type":"EntryPoint","urlTemplate":"https:\/\/www.nadejart.fr\/boutique\/?s={search_term_string}"},"query-input":{"@type":"PropertyValueSpecification","valueRequired":true,"valueName":"search_term_string"}}],"inLanguage":"fr-FR"},{"@type":["Person","Organization"],"@id":"https:\/\/www.nadejart.fr\/boutique\/#\/schema\/person\/cab632e7460709692c7e75bdc9db88de","name":"Cr\u00e9a Nad","image":{"@type":"ImageObject","inLanguage":"fr-FR","@id":"https:\/\/www.nadejart.fr\/boutique\/wp-content\/uploads\/2026\/01\/cropped-Illustration_sans_titre-9.jpg","url":"https:\/\/www.nadejart.fr\/boutique\/wp-content\/uploads\/2026\/01\/cropped-Illustration_sans_titre-9.jpg","contentUrl":"https:\/\/www.nadejart.fr\/boutique\/wp-content\/uploads\/2026\/01\/cropped-Illustration_sans_titre-9.jpg","width":1800,"height":600,"caption":"Cr\u00e9a Nad"},"logo":{"@id":"https:\/\/www.nadejart.fr\/boutique\/wp-content\/uploads\/2026\/01\/cropped-Illustration_sans_titre-9.jpg"}}]}},"_links":{"self":[{"href":"https:\/\/www.nadejart.fr\/boutique\/wp-json\/wp\/v2\/product\/7251","targetHints":{"allow":["GET"]}}],"collection":[{"href":"https:\/\/www.nadejart.fr\/boutique\/wp-json\/wp\/v2\/product"}],"about":[{"href":"https:\/\/www.nadejart.fr\/boutique\/wp-json\/wp\/v2\/types\/product"}],"replies":[{"embeddable":true,"href":"https:\/\/www.nadejart.fr\/boutique\/wp-json\/wp\/v2\/comments?post=7251"}],"wp:featuredmedia":[{"embeddable":true,"href":"https:\/\/www.nadejart.fr\/boutique\/wp-json\/wp\/v2\/media\/7238"}],"wp:attachment":[{"href":"https:\/\/www.nadejart.fr\/boutique\/wp-json\/wp\/v2\/media?parent=7251"}],"wp:term":[{"taxonomy":"product_brand","embeddable":true,"href":"https:\/\/www.nadejart.fr\/boutique\/wp-json\/wp\/v2\/product_brand?post=7251"},{"taxonomy":"product_cat","embeddable":true,"href":"https:\/\/www.nadejart.fr\/boutique\/wp-json\/wp\/v2\/product_cat?post=7251"},{"taxonomy":"product_tag","embeddable":true,"href":"https:\/\/www.nadejart.fr\/boutique\/wp-json\/wp\/v2\/product_tag?post=7251"}],"curies":[{"name":"wp","href":"https:\/\/api.w.org\/{rel}","templated":true}]}}