{"id":7011,"date":"2026-01-12T19:54:27","date_gmt":"2026-01-12T19:54:27","guid":{"rendered":"https:\/\/www.nadejart.fr\/boutique\/?post_type=product&#038;p=7011"},"modified":"2026-01-30T10:40:38","modified_gmt":"2026-01-30T10:40:38","slug":"badge-souris-lecture-1","status":"publish","type":"product","link":"https:\/\/www.nadejart.fr\/boutique\/produit\/badge-souris-lecture-1\/","title":{"rendered":"Badge Souris lecture 1"},"content":{"rendered":"<p>En vente : exclusivement sur cette boutique en ligne et lors de salons ou festivals.<\/p>\n<p><em>Note : tirage enti\u00e8rement manuel. possibilit\u00e9s de petites bulles d&rsquo;air, traces d&rsquo;encre. Les d\u00e9coupes et les couleurs peuvent varier de la photo.<\/em><\/p>\n<p>&nbsp;<\/p>\n<p>Image sous copyright, reproduction strictement interdite.<\/p>\n<p>Illustration : \u00a92026 Nadej Gunalp<\/p>\n<p><a href=\"https:\/\/www.nadejart.fr\/boutique\">Nadej&rsquo;Art Infusions cr\u00e9atives<\/a><\/p>\n\n","protected":false},"excerpt":{"rendered":"<p>Motif souris et lecture.<\/p>\n<p>Qui a dit que les souris ne mangeaient que du fromage ? \ud83d\ude09<\/p>\n[code_snippet id=8 format name=\"textebadge1\"]\n","protected":false},"featured_media":7006,"comment_status":"closed","ping_status":"closed","template":"","meta":{"_coblocks_attr":"","_coblocks_dimensions":"","_coblocks_responsive_height":"","_coblocks_accordion_ie_support":"","_monsterinsights_skip_tracking":false,"_monsterinsights_sitenote_active":false,"_monsterinsights_sitenote_note":"","_monsterinsights_sitenote_category":0,"site-sidebar-layout":"default","site-content-layout":"","ast-site-content-layout":"default","site-content-style":"default","site-sidebar-style":"default","ast-global-header-display":"","ast-banner-title-visibility":"","ast-main-header-display":"","ast-hfb-above-header-display":"","ast-hfb-below-header-display":"","ast-hfb-mobile-header-display":"","site-post-title":"","ast-breadcrumbs-content":"","ast-featured-img":"","footer-sml-layout":"","ast-disable-related-posts":"","theme-transparent-header-meta":"default","adv-header-id-meta":"","stick-header-meta":"","header-above-stick-meta":"","header-main-stick-meta":"","header-below-stick-meta":"","astra-migrate-meta-layouts":"set","ast-page-background-enabled":"default","ast-page-background-meta":{"desktop":{"background-color":"var(--ast-global-color-5)","background-image":"","background-repeat":"repeat","background-position":"center center","background-size":"auto","background-attachment":"scroll","background-type":"","background-media":"","overlay-type":"","overlay-color":"","overlay-opacity":"","overlay-gradient":""},"tablet":{"background-color":"","background-image":"","background-repeat":"repeat","background-position":"center center","background-size":"auto","background-attachment":"scroll","background-type":"","background-media":"","overlay-type":"","overlay-color":"","overlay-opacity":"","overlay-gradient":""},"mobile":{"background-color":"","background-image":"","background-repeat":"repeat","background-position":"center center","background-size":"auto","background-attachment":"scroll","background-type":"","background-media":"","overlay-type":"","overlay-color":"","overlay-opacity":"","overlay-gradient":""}},"ast-content-background-meta":{"desktop":{"background-color":"var(--ast-global-color-4)","background-image":"","background-repeat":"repeat","background-position":"center center","background-size":"auto","background-attachment":"scroll","background-type":"","background-media":"","overlay-type":"","overlay-color":"","overlay-opacity":"","overlay-gradient":""},"tablet":{"background-color":"var(--ast-global-color-4)","background-image":"","background-repeat":"repeat","background-position":"center center","background-size":"auto","background-attachment":"scroll","background-type":"","background-media":"","overlay-type":"","overlay-color":"","overlay-opacity":"","overlay-gradient":""},"mobile":{"background-color":"var(--ast-global-color-4)","background-image":"","background-repeat":"repeat","background-position":"center center","background-size":"auto","background-attachment":"scroll","background-type":"","background-media":"","overlay-type":"","overlay-color":"","overlay-opacity":"","overlay-gradient":""}}},"product_brand":[],"product_cat":[456,457],"product_tag":[494,328,462,458,459],"class_list":{"0":"post-7011","1":"product","2":"type-product","3":"status-publish","4":"has-post-thumbnail","6":"product_cat-badge","7":"product_cat-petites-productions-manuelles","8":"product_tag-badge","9":"product_tag-humour","10":"product_tag-illustration-originale","11":"product_tag-lecture","12":"product_tag-souris","13":"product_shipping_class-lettre-suivie-verte-100g","14":"desktop-align-left","15":"tablet-align-left","16":"mobile-align-left","18":"first","19":"instock","20":"shipping-taxable","21":"purchasable","22":"product-type-variable"},"yoast_head":"<!-- This site is optimized with the Yoast SEO plugin v27.5 - https:\/\/yoast.com\/product\/yoast-seo-wordpress\/ -->\n<title>Badge Souris lecture 1 - Nadej&#039;Art - Infusions cr\u00e9atives<\/title>\n<meta name=\"robots\" content=\"index, follow, max-snippet:-1, max-image-preview:large, max-video-preview:-1\" \/>\n<link rel=\"canonical\" href=\"https:\/\/www.nadejart.fr\/boutique\/produit\/badge-souris-lecture-1\/\" \/>\n<meta property=\"og:locale\" content=\"fr_FR\" \/>\n<meta property=\"og:type\" content=\"article\" \/>\n<meta property=\"og:title\" content=\"Badge Souris lecture 1 - Nadej&#039;Art - Infusions cr\u00e9atives\" \/>\n<meta property=\"og:description\" content=\"Motif souris et lecture.  Qui a dit que les souris ne mangeaient que du fromage ? ;)\" \/>\n<meta property=\"og:url\" content=\"https:\/\/www.nadejart.fr\/boutique\/produit\/badge-souris-lecture-1\/\" \/>\n<meta property=\"og:site_name\" content=\"Nadej&#039;Art - Infusions cr\u00e9atives\" \/>\n<meta property=\"article:modified_time\" content=\"2026-01-30T10:40:38+00:00\" \/>\n<meta property=\"og:image\" content=\"https:\/\/www.nadejart.fr\/boutique\/wp-content\/uploads\/2026\/01\/badge-souris-lecture.jpg\" \/>\n\t<meta property=\"og:image:width\" content=\"1280\" \/>\n\t<meta property=\"og:image:height\" content=\"1280\" \/>\n\t<meta property=\"og:image:type\" content=\"image\/jpeg\" \/>\n<meta name=\"twitter:card\" content=\"summary_large_image\" \/>\n<meta name=\"twitter:label1\" content=\"Dur\u00e9e de lecture estim\u00e9e\" \/>\n\t<meta name=\"twitter:data1\" content=\"1 minute\" \/>\n<script type=\"application\/ld+json\" class=\"yoast-schema-graph\">{\"@context\":\"https:\\\/\\\/schema.org\",\"@graph\":[{\"@type\":\"WebPage\",\"@id\":\"https:\\\/\\\/www.nadejart.fr\\\/boutique\\\/produit\\\/badge-souris-lecture-1\\\/\",\"url\":\"https:\\\/\\\/www.nadejart.fr\\\/boutique\\\/produit\\\/badge-souris-lecture-1\\\/\",\"name\":\"Badge Souris lecture 1 - Nadej&#039;Art - Infusions cr\u00e9atives\",\"isPartOf\":{\"@id\":\"https:\\\/\\\/www.nadejart.fr\\\/boutique\\\/#website\"},\"primaryImageOfPage\":{\"@id\":\"https:\\\/\\\/www.nadejart.fr\\\/boutique\\\/produit\\\/badge-souris-lecture-1\\\/#primaryimage\"},\"image\":{\"@id\":\"https:\\\/\\\/www.nadejart.fr\\\/boutique\\\/produit\\\/badge-souris-lecture-1\\\/#primaryimage\"},\"thumbnailUrl\":\"https:\\\/\\\/www.nadejart.fr\\\/boutique\\\/wp-content\\\/uploads\\\/2026\\\/01\\\/badge-souris-lecture.jpg\",\"datePublished\":\"2026-01-12T19:54:27+00:00\",\"dateModified\":\"2026-01-30T10:40:38+00:00\",\"breadcrumb\":{\"@id\":\"https:\\\/\\\/www.nadejart.fr\\\/boutique\\\/produit\\\/badge-souris-lecture-1\\\/#breadcrumb\"},\"inLanguage\":\"fr-FR\",\"potentialAction\":[{\"@type\":\"ReadAction\",\"target\":[\"https:\\\/\\\/www.nadejart.fr\\\/boutique\\\/produit\\\/badge-souris-lecture-1\\\/\"]}]},{\"@type\":\"ImageObject\",\"inLanguage\":\"fr-FR\",\"@id\":\"https:\\\/\\\/www.nadejart.fr\\\/boutique\\\/produit\\\/badge-souris-lecture-1\\\/#primaryimage\",\"url\":\"https:\\\/\\\/www.nadejart.fr\\\/boutique\\\/wp-content\\\/uploads\\\/2026\\\/01\\\/badge-souris-lecture.jpg\",\"contentUrl\":\"https:\\\/\\\/www.nadejart.fr\\\/boutique\\\/wp-content\\\/uploads\\\/2026\\\/01\\\/badge-souris-lecture.jpg\",\"width\":1280,\"height\":1280},{\"@type\":\"BreadcrumbList\",\"@id\":\"https:\\\/\\\/www.nadejart.fr\\\/boutique\\\/produit\\\/badge-souris-lecture-1\\\/#breadcrumb\",\"itemListElement\":[{\"@type\":\"ListItem\",\"position\":1,\"name\":\"Accueil\",\"item\":\"https:\\\/\\\/www.nadejart.fr\\\/boutique\\\/\"},{\"@type\":\"ListItem\",\"position\":2,\"name\":\"Nadej&rsquo;Art &#8211; Boutique d\u2019illustratrice &#8211; Infusions cr\u00e9atives !\",\"item\":\"https:\\\/\\\/www.nadejart.fr\\\/boutique\\\/\"},{\"@type\":\"ListItem\",\"position\":3,\"name\":\"Petites productions manuelles\",\"item\":\"https:\\\/\\\/www.nadejart.fr\\\/boutique\\\/categorie-produit\\\/petites-productions-manuelles\\\/\"},{\"@type\":\"ListItem\",\"position\":4,\"name\":\"Badge Souris lecture 1\"}]},{\"@type\":\"WebSite\",\"@id\":\"https:\\\/\\\/www.nadejart.fr\\\/boutique\\\/#website\",\"url\":\"https:\\\/\\\/www.nadejart.fr\\\/boutique\\\/\",\"name\":\"Nadej'Art - Infusions cr\u00e9atives\",\"description\":\"Illustrations artiste ind\u00e9pendant\",\"publisher\":{\"@id\":\"https:\\\/\\\/www.nadejart.fr\\\/boutique\\\/#\\\/schema\\\/person\\\/cab632e7460709692c7e75bdc9db88de\"},\"alternateName\":\"Nadejart cr\u00e9ations\",\"potentialAction\":[{\"@type\":\"SearchAction\",\"target\":{\"@type\":\"EntryPoint\",\"urlTemplate\":\"https:\\\/\\\/www.nadejart.fr\\\/boutique\\\/?s={search_term_string}\"},\"query-input\":{\"@type\":\"PropertyValueSpecification\",\"valueRequired\":true,\"valueName\":\"search_term_string\"}}],\"inLanguage\":\"fr-FR\"},{\"@type\":[\"Person\",\"Organization\"],\"@id\":\"https:\\\/\\\/www.nadejart.fr\\\/boutique\\\/#\\\/schema\\\/person\\\/cab632e7460709692c7e75bdc9db88de\",\"name\":\"Cr\u00e9a Nad\",\"image\":{\"@type\":\"ImageObject\",\"inLanguage\":\"fr-FR\",\"@id\":\"https:\\\/\\\/www.nadejart.fr\\\/boutique\\\/wp-content\\\/uploads\\\/2026\\\/01\\\/cropped-Illustration_sans_titre-9.jpg\",\"url\":\"https:\\\/\\\/www.nadejart.fr\\\/boutique\\\/wp-content\\\/uploads\\\/2026\\\/01\\\/cropped-Illustration_sans_titre-9.jpg\",\"contentUrl\":\"https:\\\/\\\/www.nadejart.fr\\\/boutique\\\/wp-content\\\/uploads\\\/2026\\\/01\\\/cropped-Illustration_sans_titre-9.jpg\",\"width\":1800,\"height\":600,\"caption\":\"Cr\u00e9a Nad\"},\"logo\":{\"@id\":\"https:\\\/\\\/www.nadejart.fr\\\/boutique\\\/wp-content\\\/uploads\\\/2026\\\/01\\\/cropped-Illustration_sans_titre-9.jpg\"}}]}<\/script>\n<!-- \/ Yoast SEO plugin. -->","yoast_head_json":{"title":"Badge Souris lecture 1 - Nadej&#039;Art - Infusions cr\u00e9atives","robots":{"index":"index","follow":"follow","max-snippet":"max-snippet:-1","max-image-preview":"max-image-preview:large","max-video-preview":"max-video-preview:-1"},"canonical":"https:\/\/www.nadejart.fr\/boutique\/produit\/badge-souris-lecture-1\/","og_locale":"fr_FR","og_type":"article","og_title":"Badge Souris lecture 1 - Nadej&#039;Art - Infusions cr\u00e9atives","og_description":"Motif souris et lecture.  Qui a dit que les souris ne mangeaient que du fromage ? ;)","og_url":"https:\/\/www.nadejart.fr\/boutique\/produit\/badge-souris-lecture-1\/","og_site_name":"Nadej&#039;Art - Infusions cr\u00e9atives","article_modified_time":"2026-01-30T10:40:38+00:00","og_image":[{"width":1280,"height":1280,"url":"https:\/\/www.nadejart.fr\/boutique\/wp-content\/uploads\/2026\/01\/badge-souris-lecture.jpg","type":"image\/jpeg"}],"twitter_card":"summary_large_image","twitter_misc":{"Dur\u00e9e de lecture estim\u00e9e":"1 minute"},"schema":{"@context":"https:\/\/schema.org","@graph":[{"@type":"WebPage","@id":"https:\/\/www.nadejart.fr\/boutique\/produit\/badge-souris-lecture-1\/","url":"https:\/\/www.nadejart.fr\/boutique\/produit\/badge-souris-lecture-1\/","name":"Badge Souris lecture 1 - Nadej&#039;Art - Infusions cr\u00e9atives","isPartOf":{"@id":"https:\/\/www.nadejart.fr\/boutique\/#website"},"primaryImageOfPage":{"@id":"https:\/\/www.nadejart.fr\/boutique\/produit\/badge-souris-lecture-1\/#primaryimage"},"image":{"@id":"https:\/\/www.nadejart.fr\/boutique\/produit\/badge-souris-lecture-1\/#primaryimage"},"thumbnailUrl":"https:\/\/www.nadejart.fr\/boutique\/wp-content\/uploads\/2026\/01\/badge-souris-lecture.jpg","datePublished":"2026-01-12T19:54:27+00:00","dateModified":"2026-01-30T10:40:38+00:00","breadcrumb":{"@id":"https:\/\/www.nadejart.fr\/boutique\/produit\/badge-souris-lecture-1\/#breadcrumb"},"inLanguage":"fr-FR","potentialAction":[{"@type":"ReadAction","target":["https:\/\/www.nadejart.fr\/boutique\/produit\/badge-souris-lecture-1\/"]}]},{"@type":"ImageObject","inLanguage":"fr-FR","@id":"https:\/\/www.nadejart.fr\/boutique\/produit\/badge-souris-lecture-1\/#primaryimage","url":"https:\/\/www.nadejart.fr\/boutique\/wp-content\/uploads\/2026\/01\/badge-souris-lecture.jpg","contentUrl":"https:\/\/www.nadejart.fr\/boutique\/wp-content\/uploads\/2026\/01\/badge-souris-lecture.jpg","width":1280,"height":1280},{"@type":"BreadcrumbList","@id":"https:\/\/www.nadejart.fr\/boutique\/produit\/badge-souris-lecture-1\/#breadcrumb","itemListElement":[{"@type":"ListItem","position":1,"name":"Accueil","item":"https:\/\/www.nadejart.fr\/boutique\/"},{"@type":"ListItem","position":2,"name":"Nadej&rsquo;Art &#8211; Boutique d\u2019illustratrice &#8211; Infusions cr\u00e9atives !","item":"https:\/\/www.nadejart.fr\/boutique\/"},{"@type":"ListItem","position":3,"name":"Petites productions manuelles","item":"https:\/\/www.nadejart.fr\/boutique\/categorie-produit\/petites-productions-manuelles\/"},{"@type":"ListItem","position":4,"name":"Badge Souris lecture 1"}]},{"@type":"WebSite","@id":"https:\/\/www.nadejart.fr\/boutique\/#website","url":"https:\/\/www.nadejart.fr\/boutique\/","name":"Nadej'Art - Infusions cr\u00e9atives","description":"Illustrations artiste ind\u00e9pendant","publisher":{"@id":"https:\/\/www.nadejart.fr\/boutique\/#\/schema\/person\/cab632e7460709692c7e75bdc9db88de"},"alternateName":"Nadejart cr\u00e9ations","potentialAction":[{"@type":"SearchAction","target":{"@type":"EntryPoint","urlTemplate":"https:\/\/www.nadejart.fr\/boutique\/?s={search_term_string}"},"query-input":{"@type":"PropertyValueSpecification","valueRequired":true,"valueName":"search_term_string"}}],"inLanguage":"fr-FR"},{"@type":["Person","Organization"],"@id":"https:\/\/www.nadejart.fr\/boutique\/#\/schema\/person\/cab632e7460709692c7e75bdc9db88de","name":"Cr\u00e9a Nad","image":{"@type":"ImageObject","inLanguage":"fr-FR","@id":"https:\/\/www.nadejart.fr\/boutique\/wp-content\/uploads\/2026\/01\/cropped-Illustration_sans_titre-9.jpg","url":"https:\/\/www.nadejart.fr\/boutique\/wp-content\/uploads\/2026\/01\/cropped-Illustration_sans_titre-9.jpg","contentUrl":"https:\/\/www.nadejart.fr\/boutique\/wp-content\/uploads\/2026\/01\/cropped-Illustration_sans_titre-9.jpg","width":1800,"height":600,"caption":"Cr\u00e9a Nad"},"logo":{"@id":"https:\/\/www.nadejart.fr\/boutique\/wp-content\/uploads\/2026\/01\/cropped-Illustration_sans_titre-9.jpg"}}]}},"_links":{"self":[{"href":"https:\/\/www.nadejart.fr\/boutique\/wp-json\/wp\/v2\/product\/7011","targetHints":{"allow":["GET"]}}],"collection":[{"href":"https:\/\/www.nadejart.fr\/boutique\/wp-json\/wp\/v2\/product"}],"about":[{"href":"https:\/\/www.nadejart.fr\/boutique\/wp-json\/wp\/v2\/types\/product"}],"replies":[{"embeddable":true,"href":"https:\/\/www.nadejart.fr\/boutique\/wp-json\/wp\/v2\/comments?post=7011"}],"wp:featuredmedia":[{"embeddable":true,"href":"https:\/\/www.nadejart.fr\/boutique\/wp-json\/wp\/v2\/media\/7006"}],"wp:attachment":[{"href":"https:\/\/www.nadejart.fr\/boutique\/wp-json\/wp\/v2\/media?parent=7011"}],"wp:term":[{"taxonomy":"product_brand","embeddable":true,"href":"https:\/\/www.nadejart.fr\/boutique\/wp-json\/wp\/v2\/product_brand?post=7011"},{"taxonomy":"product_cat","embeddable":true,"href":"https:\/\/www.nadejart.fr\/boutique\/wp-json\/wp\/v2\/product_cat?post=7011"},{"taxonomy":"product_tag","embeddable":true,"href":"https:\/\/www.nadejart.fr\/boutique\/wp-json\/wp\/v2\/product_tag?post=7011"}],"curies":[{"name":"wp","href":"https:\/\/api.w.org\/{rel}","templated":true}]}}