{"id":6147,"date":"2022-02-15T10:35:50","date_gmt":"2022-02-15T10:35:50","guid":{"rendered":"https:\/\/www.nadejart.fr\/boutique\/?post_type=product&#038;p=6147"},"modified":"2026-01-27T15:43:02","modified_gmt":"2026-01-27T15:43:02","slug":"le-memo-de-lartiste","status":"publish","type":"product","link":"https:\/\/www.nadejart.fr\/boutique\/produit\/le-memo-de-lartiste\/","title":{"rendered":"Le m\u00e9mo de l&rsquo;artiste"},"content":{"rendered":"<p><strong>Le m\u00e9mo de l&rsquo;artiste<br \/>\n<\/strong><\/p>\n<p>Livre imprim\u00e9 sur papier, illustr\u00e9, 32 pages couleurs, tout public (th\u00e8me : fiches techniques du dessin).<\/p>\n<p>Pour avoir tout sous la main ! Le m\u00e9mo contient les fiches utiles aux artistes, qui regroupent notamment :<\/p>\n<ul>\n<li>les canons du corps humain<\/li>\n<li>le cercle chromatique des couleurs<\/li>\n<li>les notions de base de la perspective<\/li>\n<li>un glossaire<\/li>\n<li>etc.<\/li>\n<\/ul>\n<p>Ce m\u00e9mo est id\u00e9al pour les artistes d\u00e9butants et tr\u00e8s utile pour les artistes confirm\u00e9s.<\/p>\n<p>Format : 10 x 15 cm<\/p>\n<blockquote><p><strong>\u00a0<\/strong><\/p>\n<p>&gt;&gt;&gt;<strong><em> Note :\u00a0 si vous souhaitez une d\u00e9dicace personnalis\u00e9e, indiquez les infos dans la note de commande<\/em><\/strong><\/p><\/blockquote>\n<p>&nbsp;<\/p>\n","protected":false},"excerpt":{"rendered":"<p>Illustr\u00e9, 32 pages. Fiches techniques pour le dessin et la peinture.<\/p>\n<p>&nbsp;<\/p>\n","protected":false},"featured_media":6148,"comment_status":"open","ping_status":"closed","template":"","meta":{"_coblocks_attr":"","_coblocks_dimensions":"","_coblocks_responsive_height":"","_coblocks_accordion_ie_support":"","_monsterinsights_skip_tracking":false,"_monsterinsights_sitenote_active":false,"_monsterinsights_sitenote_note":"","_monsterinsights_sitenote_category":0,"site-sidebar-layout":"default","site-content-layout":"","ast-site-content-layout":"default","site-content-style":"default","site-sidebar-style":"default","ast-global-header-display":"","ast-banner-title-visibility":"","ast-main-header-display":"","ast-hfb-above-header-display":"","ast-hfb-below-header-display":"","ast-hfb-mobile-header-display":"","site-post-title":"","ast-breadcrumbs-content":"","ast-featured-img":"","footer-sml-layout":"","ast-disable-related-posts":"","theme-transparent-header-meta":"","adv-header-id-meta":"","stick-header-meta":"","header-above-stick-meta":"","header-main-stick-meta":"","header-below-stick-meta":"","astra-migrate-meta-layouts":"default","ast-page-background-enabled":"default","ast-page-background-meta":{"desktop":{"background-color":"var(--ast-global-color-5)","background-image":"","background-repeat":"repeat","background-position":"center center","background-size":"auto","background-attachment":"scroll","background-type":"","background-media":"","overlay-type":"","overlay-color":"","overlay-opacity":"","overlay-gradient":""},"tablet":{"background-color":"","background-image":"","background-repeat":"repeat","background-position":"center center","background-size":"auto","background-attachment":"scroll","background-type":"","background-media":"","overlay-type":"","overlay-color":"","overlay-opacity":"","overlay-gradient":""},"mobile":{"background-color":"","background-image":"","background-repeat":"repeat","background-position":"center center","background-size":"auto","background-attachment":"scroll","background-type":"","background-media":"","overlay-type":"","overlay-color":"","overlay-opacity":"","overlay-gradient":""}},"ast-content-background-meta":{"desktop":{"background-color":"var(--ast-global-color-4)","background-image":"","background-repeat":"repeat","background-position":"center center","background-size":"auto","background-attachment":"scroll","background-type":"","background-media":"","overlay-type":"","overlay-color":"","overlay-opacity":"","overlay-gradient":""},"tablet":{"background-color":"var(--ast-global-color-4)","background-image":"","background-repeat":"repeat","background-position":"center center","background-size":"auto","background-attachment":"scroll","background-type":"","background-media":"","overlay-type":"","overlay-color":"","overlay-opacity":"","overlay-gradient":""},"mobile":{"background-color":"var(--ast-global-color-4)","background-image":"","background-repeat":"repeat","background-position":"center center","background-size":"auto","background-attachment":"scroll","background-type":"","background-media":"","overlay-type":"","overlay-color":"","overlay-opacity":"","overlay-gradient":""}}},"product_brand":[],"product_cat":[204],"product_tag":[84,326,64,324],"class_list":{"0":"post-6147","1":"product","2":"type-product","3":"status-publish","4":"has-post-thumbnail","6":"product_cat-livre","7":"product_tag-artiste","8":"product_tag-fiches-techniques","9":"product_tag-livre","10":"product_tag-technique-dessin","11":"product_shipping_class-lettre-suivie-verte-250g","12":"desktop-align-left","13":"tablet-align-left","14":"mobile-align-left","16":"first","17":"instock","18":"featured","19":"shipping-taxable","20":"purchasable","21":"product-type-simple"},"yoast_head":"<!-- This site is optimized with the Yoast SEO plugin v27.5 - https:\/\/yoast.com\/product\/yoast-seo-wordpress\/ -->\n<title>Le m\u00e9mo de l&#039;artiste - Nadej&#039;Art - Infusions cr\u00e9atives<\/title>\n<meta name=\"description\" content=\"Pour avoir tout sous la main. Fiches techniques pour le dessin et la peinture. Tout public, d\u00e9butant, confirm\u00e9...\" \/>\n<meta name=\"robots\" content=\"index, follow, max-snippet:-1, max-image-preview:large, max-video-preview:-1\" \/>\n<link rel=\"canonical\" href=\"https:\/\/www.nadejart.fr\/boutique\/produit\/le-memo-de-lartiste\/\" \/>\n<meta property=\"og:locale\" content=\"fr_FR\" \/>\n<meta property=\"og:type\" content=\"article\" \/>\n<meta property=\"og:title\" content=\"Le m\u00e9mo de l&#039;artiste - Nadej&#039;Art - Infusions cr\u00e9atives\" \/>\n<meta property=\"og:description\" content=\"Pour avoir tout sous la main. Fiches techniques pour le dessin et la peinture. Tout public, d\u00e9butant, confirm\u00e9...\" \/>\n<meta property=\"og:url\" content=\"https:\/\/www.nadejart.fr\/boutique\/produit\/le-memo-de-lartiste\/\" \/>\n<meta property=\"og:site_name\" content=\"Nadej&#039;Art - Infusions cr\u00e9atives\" \/>\n<meta property=\"article:modified_time\" content=\"2026-01-27T15:43:02+00:00\" \/>\n<meta property=\"og:image\" content=\"https:\/\/www.nadejart.fr\/boutique\/wp-content\/uploads\/2022\/02\/couvmemo2.jpg\" \/>\n\t<meta property=\"og:image:width\" content=\"308\" \/>\n\t<meta property=\"og:image:height\" content=\"432\" \/>\n\t<meta property=\"og:image:type\" content=\"image\/jpeg\" \/>\n<meta name=\"twitter:card\" content=\"summary_large_image\" \/>\n<meta name=\"twitter:label1\" content=\"Dur\u00e9e de lecture estim\u00e9e\" \/>\n\t<meta name=\"twitter:data1\" content=\"1 minute\" \/>\n<script type=\"application\/ld+json\" class=\"yoast-schema-graph\">{\"@context\":\"https:\\\/\\\/schema.org\",\"@graph\":[{\"@type\":\"WebPage\",\"@id\":\"https:\\\/\\\/www.nadejart.fr\\\/boutique\\\/produit\\\/le-memo-de-lartiste\\\/\",\"url\":\"https:\\\/\\\/www.nadejart.fr\\\/boutique\\\/produit\\\/le-memo-de-lartiste\\\/\",\"name\":\"Le m\u00e9mo de l'artiste - Nadej&#039;Art - Infusions cr\u00e9atives\",\"isPartOf\":{\"@id\":\"https:\\\/\\\/www.nadejart.fr\\\/boutique\\\/#website\"},\"primaryImageOfPage\":{\"@id\":\"https:\\\/\\\/www.nadejart.fr\\\/boutique\\\/produit\\\/le-memo-de-lartiste\\\/#primaryimage\"},\"image\":{\"@id\":\"https:\\\/\\\/www.nadejart.fr\\\/boutique\\\/produit\\\/le-memo-de-lartiste\\\/#primaryimage\"},\"thumbnailUrl\":\"https:\\\/\\\/www.nadejart.fr\\\/boutique\\\/wp-content\\\/uploads\\\/2022\\\/02\\\/couvmemo2.jpg\",\"datePublished\":\"2022-02-15T10:35:50+00:00\",\"dateModified\":\"2026-01-27T15:43:02+00:00\",\"description\":\"Pour avoir tout sous la main. Fiches techniques pour le dessin et la peinture. Tout public, d\u00e9butant, confirm\u00e9...\",\"breadcrumb\":{\"@id\":\"https:\\\/\\\/www.nadejart.fr\\\/boutique\\\/produit\\\/le-memo-de-lartiste\\\/#breadcrumb\"},\"inLanguage\":\"fr-FR\",\"potentialAction\":[{\"@type\":\"ReadAction\",\"target\":[\"https:\\\/\\\/www.nadejart.fr\\\/boutique\\\/produit\\\/le-memo-de-lartiste\\\/\"]}]},{\"@type\":\"ImageObject\",\"inLanguage\":\"fr-FR\",\"@id\":\"https:\\\/\\\/www.nadejart.fr\\\/boutique\\\/produit\\\/le-memo-de-lartiste\\\/#primaryimage\",\"url\":\"https:\\\/\\\/www.nadejart.fr\\\/boutique\\\/wp-content\\\/uploads\\\/2022\\\/02\\\/couvmemo2.jpg\",\"contentUrl\":\"https:\\\/\\\/www.nadejart.fr\\\/boutique\\\/wp-content\\\/uploads\\\/2022\\\/02\\\/couvmemo2.jpg\",\"width\":308,\"height\":432,\"caption\":\"couverture le m\u00e9mo de l'artiste\"},{\"@type\":\"BreadcrumbList\",\"@id\":\"https:\\\/\\\/www.nadejart.fr\\\/boutique\\\/produit\\\/le-memo-de-lartiste\\\/#breadcrumb\",\"itemListElement\":[{\"@type\":\"ListItem\",\"position\":1,\"name\":\"Accueil\",\"item\":\"https:\\\/\\\/www.nadejart.fr\\\/boutique\\\/\"},{\"@type\":\"ListItem\",\"position\":2,\"name\":\"Nadej&rsquo;Art &#8211; Boutique d\u2019illustratrice &#8211; Infusions cr\u00e9atives !\",\"item\":\"https:\\\/\\\/www.nadejart.fr\\\/boutique\\\/\"},{\"@type\":\"ListItem\",\"position\":3,\"name\":\"Livres\",\"item\":\"https:\\\/\\\/www.nadejart.fr\\\/boutique\\\/categorie-produit\\\/livre\\\/\"},{\"@type\":\"ListItem\",\"position\":4,\"name\":\"Le m\u00e9mo de l&rsquo;artiste\"}]},{\"@type\":\"WebSite\",\"@id\":\"https:\\\/\\\/www.nadejart.fr\\\/boutique\\\/#website\",\"url\":\"https:\\\/\\\/www.nadejart.fr\\\/boutique\\\/\",\"name\":\"Nadej'Art - Infusions cr\u00e9atives\",\"description\":\"Illustrations artiste ind\u00e9pendant\",\"publisher\":{\"@id\":\"https:\\\/\\\/www.nadejart.fr\\\/boutique\\\/#\\\/schema\\\/person\\\/cab632e7460709692c7e75bdc9db88de\"},\"alternateName\":\"Nadejart cr\u00e9ations\",\"potentialAction\":[{\"@type\":\"SearchAction\",\"target\":{\"@type\":\"EntryPoint\",\"urlTemplate\":\"https:\\\/\\\/www.nadejart.fr\\\/boutique\\\/?s={search_term_string}\"},\"query-input\":{\"@type\":\"PropertyValueSpecification\",\"valueRequired\":true,\"valueName\":\"search_term_string\"}}],\"inLanguage\":\"fr-FR\"},{\"@type\":[\"Person\",\"Organization\"],\"@id\":\"https:\\\/\\\/www.nadejart.fr\\\/boutique\\\/#\\\/schema\\\/person\\\/cab632e7460709692c7e75bdc9db88de\",\"name\":\"Cr\u00e9a Nad\",\"image\":{\"@type\":\"ImageObject\",\"inLanguage\":\"fr-FR\",\"@id\":\"https:\\\/\\\/www.nadejart.fr\\\/boutique\\\/wp-content\\\/uploads\\\/2026\\\/01\\\/cropped-Illustration_sans_titre-9.jpg\",\"url\":\"https:\\\/\\\/www.nadejart.fr\\\/boutique\\\/wp-content\\\/uploads\\\/2026\\\/01\\\/cropped-Illustration_sans_titre-9.jpg\",\"contentUrl\":\"https:\\\/\\\/www.nadejart.fr\\\/boutique\\\/wp-content\\\/uploads\\\/2026\\\/01\\\/cropped-Illustration_sans_titre-9.jpg\",\"width\":1800,\"height\":600,\"caption\":\"Cr\u00e9a Nad\"},\"logo\":{\"@id\":\"https:\\\/\\\/www.nadejart.fr\\\/boutique\\\/wp-content\\\/uploads\\\/2026\\\/01\\\/cropped-Illustration_sans_titre-9.jpg\"}}]}<\/script>\n<!-- \/ Yoast SEO plugin. -->","yoast_head_json":{"title":"Le m\u00e9mo de l'artiste - Nadej&#039;Art - Infusions cr\u00e9atives","description":"Pour avoir tout sous la main. Fiches techniques pour le dessin et la peinture. Tout public, d\u00e9butant, confirm\u00e9...","robots":{"index":"index","follow":"follow","max-snippet":"max-snippet:-1","max-image-preview":"max-image-preview:large","max-video-preview":"max-video-preview:-1"},"canonical":"https:\/\/www.nadejart.fr\/boutique\/produit\/le-memo-de-lartiste\/","og_locale":"fr_FR","og_type":"article","og_title":"Le m\u00e9mo de l'artiste - Nadej&#039;Art - Infusions cr\u00e9atives","og_description":"Pour avoir tout sous la main. Fiches techniques pour le dessin et la peinture. Tout public, d\u00e9butant, confirm\u00e9...","og_url":"https:\/\/www.nadejart.fr\/boutique\/produit\/le-memo-de-lartiste\/","og_site_name":"Nadej&#039;Art - Infusions cr\u00e9atives","article_modified_time":"2026-01-27T15:43:02+00:00","og_image":[{"width":308,"height":432,"url":"https:\/\/www.nadejart.fr\/boutique\/wp-content\/uploads\/2022\/02\/couvmemo2.jpg","type":"image\/jpeg"}],"twitter_card":"summary_large_image","twitter_misc":{"Dur\u00e9e de lecture estim\u00e9e":"1 minute"},"schema":{"@context":"https:\/\/schema.org","@graph":[{"@type":"WebPage","@id":"https:\/\/www.nadejart.fr\/boutique\/produit\/le-memo-de-lartiste\/","url":"https:\/\/www.nadejart.fr\/boutique\/produit\/le-memo-de-lartiste\/","name":"Le m\u00e9mo de l'artiste - Nadej&#039;Art - Infusions cr\u00e9atives","isPartOf":{"@id":"https:\/\/www.nadejart.fr\/boutique\/#website"},"primaryImageOfPage":{"@id":"https:\/\/www.nadejart.fr\/boutique\/produit\/le-memo-de-lartiste\/#primaryimage"},"image":{"@id":"https:\/\/www.nadejart.fr\/boutique\/produit\/le-memo-de-lartiste\/#primaryimage"},"thumbnailUrl":"https:\/\/www.nadejart.fr\/boutique\/wp-content\/uploads\/2022\/02\/couvmemo2.jpg","datePublished":"2022-02-15T10:35:50+00:00","dateModified":"2026-01-27T15:43:02+00:00","description":"Pour avoir tout sous la main. Fiches techniques pour le dessin et la peinture. Tout public, d\u00e9butant, confirm\u00e9...","breadcrumb":{"@id":"https:\/\/www.nadejart.fr\/boutique\/produit\/le-memo-de-lartiste\/#breadcrumb"},"inLanguage":"fr-FR","potentialAction":[{"@type":"ReadAction","target":["https:\/\/www.nadejart.fr\/boutique\/produit\/le-memo-de-lartiste\/"]}]},{"@type":"ImageObject","inLanguage":"fr-FR","@id":"https:\/\/www.nadejart.fr\/boutique\/produit\/le-memo-de-lartiste\/#primaryimage","url":"https:\/\/www.nadejart.fr\/boutique\/wp-content\/uploads\/2022\/02\/couvmemo2.jpg","contentUrl":"https:\/\/www.nadejart.fr\/boutique\/wp-content\/uploads\/2022\/02\/couvmemo2.jpg","width":308,"height":432,"caption":"couverture le m\u00e9mo de l'artiste"},{"@type":"BreadcrumbList","@id":"https:\/\/www.nadejart.fr\/boutique\/produit\/le-memo-de-lartiste\/#breadcrumb","itemListElement":[{"@type":"ListItem","position":1,"name":"Accueil","item":"https:\/\/www.nadejart.fr\/boutique\/"},{"@type":"ListItem","position":2,"name":"Nadej&rsquo;Art &#8211; Boutique d\u2019illustratrice &#8211; Infusions cr\u00e9atives !","item":"https:\/\/www.nadejart.fr\/boutique\/"},{"@type":"ListItem","position":3,"name":"Livres","item":"https:\/\/www.nadejart.fr\/boutique\/categorie-produit\/livre\/"},{"@type":"ListItem","position":4,"name":"Le m\u00e9mo de l&rsquo;artiste"}]},{"@type":"WebSite","@id":"https:\/\/www.nadejart.fr\/boutique\/#website","url":"https:\/\/www.nadejart.fr\/boutique\/","name":"Nadej'Art - Infusions cr\u00e9atives","description":"Illustrations artiste ind\u00e9pendant","publisher":{"@id":"https:\/\/www.nadejart.fr\/boutique\/#\/schema\/person\/cab632e7460709692c7e75bdc9db88de"},"alternateName":"Nadejart cr\u00e9ations","potentialAction":[{"@type":"SearchAction","target":{"@type":"EntryPoint","urlTemplate":"https:\/\/www.nadejart.fr\/boutique\/?s={search_term_string}"},"query-input":{"@type":"PropertyValueSpecification","valueRequired":true,"valueName":"search_term_string"}}],"inLanguage":"fr-FR"},{"@type":["Person","Organization"],"@id":"https:\/\/www.nadejart.fr\/boutique\/#\/schema\/person\/cab632e7460709692c7e75bdc9db88de","name":"Cr\u00e9a Nad","image":{"@type":"ImageObject","inLanguage":"fr-FR","@id":"https:\/\/www.nadejart.fr\/boutique\/wp-content\/uploads\/2026\/01\/cropped-Illustration_sans_titre-9.jpg","url":"https:\/\/www.nadejart.fr\/boutique\/wp-content\/uploads\/2026\/01\/cropped-Illustration_sans_titre-9.jpg","contentUrl":"https:\/\/www.nadejart.fr\/boutique\/wp-content\/uploads\/2026\/01\/cropped-Illustration_sans_titre-9.jpg","width":1800,"height":600,"caption":"Cr\u00e9a Nad"},"logo":{"@id":"https:\/\/www.nadejart.fr\/boutique\/wp-content\/uploads\/2026\/01\/cropped-Illustration_sans_titre-9.jpg"}}]}},"_links":{"self":[{"href":"https:\/\/www.nadejart.fr\/boutique\/wp-json\/wp\/v2\/product\/6147","targetHints":{"allow":["GET"]}}],"collection":[{"href":"https:\/\/www.nadejart.fr\/boutique\/wp-json\/wp\/v2\/product"}],"about":[{"href":"https:\/\/www.nadejart.fr\/boutique\/wp-json\/wp\/v2\/types\/product"}],"replies":[{"embeddable":true,"href":"https:\/\/www.nadejart.fr\/boutique\/wp-json\/wp\/v2\/comments?post=6147"}],"wp:featuredmedia":[{"embeddable":true,"href":"https:\/\/www.nadejart.fr\/boutique\/wp-json\/wp\/v2\/media\/6148"}],"wp:attachment":[{"href":"https:\/\/www.nadejart.fr\/boutique\/wp-json\/wp\/v2\/media?parent=6147"}],"wp:term":[{"taxonomy":"product_brand","embeddable":true,"href":"https:\/\/www.nadejart.fr\/boutique\/wp-json\/wp\/v2\/product_brand?post=6147"},{"taxonomy":"product_cat","embeddable":true,"href":"https:\/\/www.nadejart.fr\/boutique\/wp-json\/wp\/v2\/product_cat?post=6147"},{"taxonomy":"product_tag","embeddable":true,"href":"https:\/\/www.nadejart.fr\/boutique\/wp-json\/wp\/v2\/product_tag?post=6147"}],"curies":[{"name":"wp","href":"https:\/\/api.w.org\/{rel}","templated":true}]}}